{"id":13166,"date":"2023-11-11T16:35:31","date_gmt":"2023-11-11T15:35:31","guid":{"rendered":"https:\/\/lesfeespapillons-mineraux.com\/?post_type=product&#038;p=13166"},"modified":"2024-12-27T16:19:58","modified_gmt":"2024-12-27T15:19:58","slug":"bague-labradorite-sertie-argent-925-5","status":"publish","type":"product","link":"https:\/\/lesfeespapillons-mineraux.com\/index.php\/produit\/bague-labradorite-sertie-argent-925-5\/","title":{"rendered":"Bague en labradorite sertie argent 925"},"content":{"rendered":"<p style=\"text-align: center\"><strong>La \u00a0Labradorite<\/strong><\/p>\n<p style=\"text-align: center\"><strong>Famille : Feldspath<\/strong><\/p>\n<p><strong>\u00a0<\/strong><\/p>\n<ul>\n<li><strong>Couleur : Majoritairement gris \u00e0 gris-vert avec des irisations spectaculaires allant du bleu au vert, parfois orange, jaune ou violet.<\/strong><\/li>\n<li><strong>Effet optique : Labradorescence (jeu de couleurs unique d\u00fb \u00e0 la diffraction de la lumi\u00e8re \u00e0 travers les couches min\u00e9rales).<\/strong><\/li>\n<li><strong>Famille : Feldspath (groupe des plagioclases).<\/strong><\/li>\n<li><strong>Duret\u00e9 : 6 \u00e0 6,5 sur l&rsquo;\u00e9chelle de Mohs.<\/strong><\/li>\n<li><strong>Composition chimique : Silicate de sodium et de calcium (NaAlSi\u2083O\u2088 \u2013 CaAl\u2082Si\u2082O\u2088).<\/strong><\/li>\n<\/ul>\n<p><strong>\u00a0<\/strong><\/p>\n<ol start=\"2\">\n<li><strong> Provenance et Gisements<\/strong><\/li>\n<\/ol>\n<p><strong>La labradorite est trouv\u00e9e dans plusieurs r\u00e9gions du monde, dont :<\/strong><\/p>\n<ul>\n<li><strong>Canada (d\u00e9couverte originelle en Labrador, d&rsquo;o\u00f9 son nom).<\/strong><\/li>\n<li><strong>Finlande (o\u00f9 la vari\u00e9t\u00e9 spectrolite est la plus pris\u00e9e pour son \u00e9clat multicolore).<\/strong><\/li>\n<li><strong>Madagascar<\/strong><\/li>\n<li><strong>Russie<\/strong><\/li>\n<li><strong>Mexique<\/strong><\/li>\n<\/ul>\n<p><strong>\u00a0<\/strong><\/p>\n<ol start=\"3\">\n<li><strong> Histoire et Symbolisme<\/strong><\/li>\n<\/ol>\n<ul>\n<li><strong>Origine du nom : La labradorite a \u00e9t\u00e9 d\u00e9couverte en 1770 dans la r\u00e9gion du Labrador, au Canada, d\u2019o\u00f9 elle tire son nom.<\/strong><\/li>\n<li><strong>Symbolisme : Consid\u00e9r\u00e9e comme la \u00ab\u00a0pierre de transformation et de protection\u00a0\u00bb, la labradorite est tr\u00e8s pris\u00e9e pour sa capacit\u00e9 \u00e0 repousser les \u00e9nergies n\u00e9gatives tout en renfor\u00e7ant l&rsquo;intuition et la clart\u00e9 spirituelle.<\/strong><\/li>\n<li><strong>Traditions : Les peuples inuits croyaient que la labradorite renfermait les aurores bor\u00e9ales emprisonn\u00e9es dans la roche, ce qui expliquait ses reflets lumineux et magiques.<\/strong><\/li>\n<\/ul>\n<p><strong>\u00a0<\/strong><\/p>\n<ol start=\"4\">\n<li><strong> Propri\u00e9t\u00e9s en Lithoth\u00e9rapie<\/strong><\/li>\n<\/ol>\n<p><strong>La labradorite est une pierre aux multiples vertus, tr\u00e8s pris\u00e9e pour ses effets protecteurs et spirituels.<\/strong><\/p>\n<ul>\n<li><strong>Protection des \u00e9nergies : Elle est particuli\u00e8rement connue pour former un bouclier \u00e9nerg\u00e9tique autour de la personne qui la porte, bloquant les \u00e9nergies n\u00e9gatives et les mauvaises intentions. Elle est souvent utilis\u00e9e par les th\u00e9rapeutes pour \u00e9viter d\u2019absorber les maux de leurs patients.<\/strong><\/li>\n<li><strong>Amplification de l&rsquo;intuition : Elle renforce les capacit\u00e9s psychiques, les intuitions, et favorise la clairvoyance. Elle est souvent utilis\u00e9e pour d\u00e9velopper les facult\u00e9s spirituelles et renforcer la connexion avec les plans sup\u00e9rieurs.<\/strong><\/li>\n<li><strong>R\u00e9duction de la fatigue mentale : La labradorite aide \u00e0 dissiper la fatigue et l\u2019\u00e9puisement mental, permettant de retrouver de la clart\u00e9 dans les moments de confusion.<\/strong><\/li>\n<li><strong>Transformation et \u00e9quilibre : Elle accompagne dans les p\u00e9riodes de transition ou de changement, en apportant stabilit\u00e9 \u00e9motionnelle et renouveau spirituel.<\/strong><\/li>\n<li><strong>Apaisement \u00e9motionnel : C\u2019est une pierre qui permet de calmer les \u00e9motions fortes et de r\u00e9duire le stress, en apportant paix et tranquillit\u00e9.<\/strong><\/li>\n<\/ul>\n<p><strong>\u00a0<\/strong><\/p>\n<p><strong>Entretien de la Labradorite :<\/strong><\/p>\n<p><strong>Comme beaucoup de pierres, la labradorite a besoin d&rsquo;un entretien r\u00e9gulier pour maintenir son efficacit\u00e9 \u00e9nerg\u00e9tique.<\/strong><\/p>\n<ul>\n<li><strong>Nettoyage : Utilisez de l&rsquo;eau claire (id\u00e9alement de source ou d\u00e9min\u00e9ralis\u00e9e), de pr\u00e9f\u00e9rence ti\u00e8de, pour nettoyer la pierre.<\/strong><\/li>\n<li><strong>Rechargement : Elle peut \u00eatre recharg\u00e9e \u00e0 la lumi\u00e8re lunaire ou sur un amas de quartz. \u00c9vitez une exposition prolong\u00e9e au soleil, car cela pourrait alt\u00e9rer ses couleurs.<\/strong><\/li>\n<\/ul>\n<p><strong>\u00a0<\/strong><\/p>\n<p><strong>Utilisation :<\/strong><\/p>\n<ul>\n<li><strong>Bijoux : La labradorite est souvent port\u00e9e sous forme de pendentif, bracelet ou bague pour b\u00e9n\u00e9ficier de ses propri\u00e9t\u00e9s protectrices au quotidien.<\/strong><\/li>\n<li><strong>D\u00e9coration : Elle est aussi utilis\u00e9e en pierres roul\u00e9es ou en objets d\u00e9coratifs pour harmoniser un espace de vie ou de travail.<\/strong><\/li>\n<li><strong>M\u00e9ditation : Plac\u00e9e sur le troisi\u00e8me \u0153il, la labradorite est id\u00e9ale pour des s\u00e9ances de m\u00e9ditation ax\u00e9es sur l\u2019intuition et l\u2019\u00e9quilibre \u00e9motionnel.<\/strong><\/li>\n<\/ul>\n<p><strong>Faits int\u00e9ressants:<\/strong><\/p>\n<ul>\n<li><strong>En Finlande, une vari\u00e9t\u00e9 de labradorite une pr\u00e9sente des irisations encore plus intenses, avec une palette de couleurs tr\u00e8s vari\u00e9e.<\/strong><\/li>\n<li><strong>La labradorite est souvent associ\u00e9e aux signes astrologiques suivants : Sagittaire, Poissons, et Cancer.<\/strong><\/li>\n<\/ul>\n<p>&nbsp;<\/p>\n<p>&nbsp;<\/p>\n<p>&nbsp;<\/p>\n<p>&nbsp;<\/p>\n<p>&nbsp;<\/p>\n<p>&nbsp;<\/p>\n<p><sub>\u00a0<\/sub><\/p>\n<p>&nbsp;<\/p>\n<p>&nbsp;<\/p>\n<p>&nbsp;<\/p>\n<p>&nbsp;<\/p>\n<p><sub>\u00a0<\/sub><\/p>\n<p>&nbsp;<\/p>\n","protected":false},"excerpt":{"rendered":"<p>taille 55<\/p>\n<p>1,8&#215;3,1cm<\/p>\n","protected":false},"featured_media":13168,"template":"","meta":[],"product_brand":[],"product_cat":[96,153,109],"product_tag":[230,229,481,232,233,231,234,227],"class_list":{"0":"post-13166","1":"product","2":"type-product","3":"status-publish","4":"has-post-thumbnail","6":"product_cat-bijoux","7":"product_cat-bijoux-argent-serti","8":"product_cat-bijoux-pierres-naturelles","9":"product_tag-amitie","10":"product_tag-ancrage","11":"product_tag-empathie","12":"product_tag-fatigue","13":"product_tag-inflammation","14":"product_tag-protection","15":"product_tag-rhumatisme","16":"product_tag-sensibilite","17":"pa_mineraux-labradorite","18":"pa_taille-de-bague-544","19":"pa_type-de-bijoux-bague","21":"first","22":"instock","23":"shipping-taxable","24":"purchasable","25":"product-type-simple"},"jetpack_sharing_enabled":true,"_links":{"self":[{"href":"https:\/\/lesfeespapillons-mineraux.com\/index.php\/wp-json\/wp\/v2\/product\/13166","targetHints":{"allow":["GET"]}}],"collection":[{"href":"https:\/\/lesfeespapillons-mineraux.com\/index.php\/wp-json\/wp\/v2\/product"}],"about":[{"href":"https:\/\/lesfeespapillons-mineraux.com\/index.php\/wp-json\/wp\/v2\/types\/product"}],"wp:featuredmedia":[{"embeddable":true,"href":"https:\/\/lesfeespapillons-mineraux.com\/index.php\/wp-json\/wp\/v2\/media\/13168"}],"wp:attachment":[{"href":"https:\/\/lesfeespapillons-mineraux.com\/index.php\/wp-json\/wp\/v2\/media?parent=13166"}],"wp:term":[{"taxonomy":"product_brand","embeddable":true,"href":"https:\/\/lesfeespapillons-mineraux.com\/index.php\/wp-json\/wp\/v2\/product_brand?post=13166"},{"taxonomy":"product_cat","embeddable":true,"href":"https:\/\/lesfeespapillons-mineraux.com\/index.php\/wp-json\/wp\/v2\/product_cat?post=13166"},{"taxonomy":"product_tag","embeddable":true,"href":"https:\/\/lesfeespapillons-mineraux.com\/index.php\/wp-json\/wp\/v2\/product_tag?post=13166"}],"curies":[{"name":"wp","href":"https:\/\/api.w.org\/{rel}","templated":true}]}}