{"id":12551,"date":"2023-11-05T23:08:20","date_gmt":"2023-11-05T22:08:20","guid":{"rendered":"https:\/\/lesfeespapillons-mineraux.com\/?post_type=product&#038;p=12551"},"modified":"2024-12-27T17:15:28","modified_gmt":"2024-12-27T16:15:28","slug":"bracelet-biotite-mica-6mm-et-argent-925","status":"publish","type":"product","link":"https:\/\/lesfeespapillons-mineraux.com\/index.php\/produit\/bracelet-biotite-mica-6mm-et-argent-925\/","title":{"rendered":"Bracelet en biotite #6 et argent 925"},"content":{"rendered":"<p style=\"text-align: center\"><strong>La Biotite (Mica noir)<\/strong><\/p>\n<p style=\"text-align: center\"><strong>Famille :<\/strong> Phyllosilicates (groupe des micas)<\/p>\n<p>&nbsp;<\/p>\n<p><strong>Couleur :<\/strong><\/p>\n<ul>\n<li>La biotite est g\u00e9n\u00e9ralement de couleur <strong>noire<\/strong>, <strong>brun fonc\u00e9<\/strong>, ou <strong>vert sombre<\/strong>. Elle pr\u00e9sente souvent un \u00e9clat vitreux ou m\u00e9tallique et se caract\u00e9rise par ses feuillets brillants et lamin\u00e9s.<\/li>\n<\/ul>\n<p>&nbsp;<\/p>\n<p><strong>Origine :<\/strong><\/p>\n<ul>\n<li>La biotite se trouve dans de nombreux types de roches, principalement dans les roches <strong>m\u00e9tamorphiques<\/strong> (comme le schiste et le gneiss) et les roches <strong>ign\u00e9es<\/strong> (comme le granite et le basalte). Elle est extraite partout dans le monde, y compris en <strong>France<\/strong>, en <strong>Allemagne<\/strong>, en <strong>Inde<\/strong>, en <strong>Russie<\/strong>, et aux <strong>\u00c9tats-Unis<\/strong>.<\/li>\n<\/ul>\n<p>&nbsp;<\/p>\n<p><strong>Composition chimique :<\/strong><\/p>\n<ul>\n<li><strong>Formule chimique :<\/strong> K(Mg,Fe)\u2083(AlSi\u2083O\u2081\u2080)(OH,F)\u2082<\/li>\n<li>La biotite est un silicate d\u2019aluminium, de magn\u00e9sium, de fer, et de potassium. Sa couleur sombre est due \u00e0 sa teneur en fer et en magn\u00e9sium.<\/li>\n<\/ul>\n<p>&nbsp;<\/p>\n<p><strong>Duret\u00e9 sur l&rsquo;\u00e9chelle de Mohs :<\/strong><\/p>\n<ul>\n<li><strong>2,5 \u00e0 3\/10<\/strong> (c&rsquo;est une pierre relativement tendre et fragile)<\/li>\n<\/ul>\n<p>&nbsp;<\/p>\n<p><strong>Syst\u00e8me cristallin :<\/strong><\/p>\n<ul>\n<li><strong>Monoclinique<\/strong><\/li>\n<\/ul>\n<p>&nbsp;<\/p>\n<p><strong>Propri\u00e9t\u00e9s en lithoth\u00e9rapie :<\/strong><\/p>\n<ul>\n<li><strong>Ancrage et protection<\/strong> : La biotite est r\u00e9put\u00e9e pour ses propri\u00e9t\u00e9s d\u2019ancrage profond et de protection contre les \u00e9nergies n\u00e9gatives. Elle est utilis\u00e9e pour se sentir plus connect\u00e9 \u00e0 la Terre et stabilis\u00e9 dans des moments de turbulence.<\/li>\n<li><strong>Clarification mentale<\/strong> : Elle aide \u00e0 clarifier l\u2019esprit, \u00e0 \u00e9carter les pens\u00e9es inutiles et \u00e0 apporter de la lucidit\u00e9 dans les prises de d\u00e9cision. Elle est souvent utilis\u00e9e pour r\u00e9tablir un \u00e9quilibre entre rationalit\u00e9 et \u00e9motions.<\/li>\n<li><strong>Dissolution des blocages \u00e9nerg\u00e9tiques<\/strong> : La biotite aide \u00e0 dissiper les blocages \u00e9motionnels et \u00e9nerg\u00e9tiques, permettant une meilleure circulation des \u00e9nergies dans le corps.<\/li>\n<li><strong>Acc\u00e9l\u00e9ration des processus de gu\u00e9rison<\/strong> : Elle est r\u00e9put\u00e9e pour stimuler la r\u00e9g\u00e9n\u00e9ration physique et \u00e9nerg\u00e9tique, facilitant ainsi la gu\u00e9rison des blessures ou des douleurs \u00e9motionnelles.<\/li>\n<li><strong>Protection psychique<\/strong> : Comme bouclier contre les influences ext\u00e9rieures n\u00e9gatives, la biotite aide \u00e0 se prot\u00e9ger des mauvaises vibrations et \u00e0 renforcer son aura.<\/li>\n<\/ul>\n<p>&nbsp;<\/p>\n<p><strong>Chakras associ\u00e9s :<\/strong><\/p>\n<ul>\n<li><strong>Chakra racine<\/strong> (Muladhara) : La biotite est fortement connect\u00e9e \u00e0 ce chakra, apportant un ancrage solide et une stabilit\u00e9 physique et mentale.<\/li>\n<\/ul>\n<p>&nbsp;<\/p>\n<p><strong>Utilisations :<\/strong><\/p>\n<ul>\n<li><strong>Bijoux<\/strong> : En raison de sa fragilit\u00e9, la biotite est rarement utilis\u00e9e en joaillerie. Cependant, elle peut \u00eatre mont\u00e9e en pendentifs ou en cabochons, mais n\u00e9cessite des soins particuliers pour \u00e9viter les cassures.<\/li>\n<li><strong>M\u00e9ditation<\/strong> : Utilis\u00e9e dans les pratiques m\u00e9ditatives, la biotite aide \u00e0 renforcer la concentration et \u00e0 se connecter aux \u00e9nergies de la Terre. Elle est particuli\u00e8rement utile pour ceux qui ont besoin d&rsquo;ancrage apr\u00e8s des exp\u00e9riences spirituelles intenses.<\/li>\n<li><strong>Travail \u00e9nerg\u00e9tique<\/strong> : En lithoth\u00e9rapie, la biotite est souvent utilis\u00e9e pour dissiper les blocages \u00e9nerg\u00e9tiques et renforcer le champ aurique, apportant ainsi une meilleure protection contre les attaques psychiques.<\/li>\n<\/ul>\n<p>&nbsp;<\/p>\n<p><strong>Entretien :<\/strong><\/p>\n<ul>\n<li><strong>Purification<\/strong> : La biotite peut \u00eatre purifi\u00e9e \u00e0 l\u2019aide de fum\u00e9e de sauge, d&rsquo;encens ou par une simple exposition \u00e0 l&rsquo;eau claire. Toutefois, elle est sensible \u00e0 l&rsquo;humidit\u00e9 et doit \u00eatre s\u00e9ch\u00e9e apr\u00e8s chaque purification pour \u00e9viter l&rsquo;alt\u00e9ration.<\/li>\n<li><strong>Rechargement<\/strong> : Elle peut \u00eatre recharg\u00e9e \u00e0 la lumi\u00e8re de la lune, car la lumi\u00e8re du soleil pourrait affaiblir sa structure fragile. Placer la biotite sur un amas de quartz ou d\u2019am\u00e9thyste peut \u00e9galement \u00eatre une m\u00e9thode efficace de rechargement.<\/li>\n<\/ul>\n<p>&nbsp;<\/p>\n<p><strong>Symbolisme et Histoire :<\/strong><\/p>\n<ul>\n<li><strong>Nom<\/strong> : Le nom \u00ab\u00a0biotite\u00a0\u00bb vient du physicien fran\u00e7ais <strong>Jean-Baptiste Biot<\/strong>, qui a \u00e9tudi\u00e9 ses propri\u00e9t\u00e9s optiques au d\u00e9but du XIXe si\u00e8cle.<\/li>\n<li><strong>Symbolisme<\/strong> : Symbole d&rsquo;ancrage et de protection, la biotite repr\u00e9sente le lien entre l\u2019esprit et la mati\u00e8re. Elle favorise l&rsquo;acceptation des cycles naturels et l&rsquo;harmonie avec l&rsquo;environnement.<\/li>\n<li><strong>Histoire<\/strong> : La biotite a longtemps \u00e9t\u00e9 utilis\u00e9e par les g\u00e9ologues pour identifier la composition des roches ign\u00e9es et m\u00e9tamorphiques. Bien que moins connue en lithoth\u00e9rapie que d&rsquo;autres pierres, elle gagne en popularit\u00e9 pour ses propri\u00e9t\u00e9s d\u2019ancrage et de protection.<\/li>\n<\/ul>\n<p>&nbsp;<\/p>\n<p>La <strong>biotite<\/strong> est id\u00e9ale pour ceux qui recherchent un ancrage solide, une protection psychique, et un soutien pour dissoudre les blocages \u00e9motionnels. Bien que fragile, cette pierre puissante est tr\u00e8s efficace dans les pratiques de m\u00e9ditation et de protection \u00e9nerg\u00e9tique.<\/p>\n<p>&nbsp;<\/p>\n<p>&nbsp;<\/p>\n<p>&nbsp;<\/p>\n<p>&nbsp;<\/p>\n<p>&nbsp;<\/p>\n<p>&nbsp;<\/p>\n<p>&nbsp;<\/p>\n<p><sub>\u00a0<\/sub><\/p>\n<p>&nbsp;<\/p>\n","protected":false},"excerpt":{"rendered":"<p>taille : 18cm<\/p>\n","protected":false},"featured_media":12552,"template":"","meta":[],"product_brand":[],"product_cat":[96,159,109],"product_tag":[147,500,551,470,557,570,571],"class_list":{"0":"post-12551","1":"product","2":"type-product","3":"status-publish","4":"has-post-thumbnail","6":"product_cat-bijoux","7":"product_cat-bijoux-perles","8":"product_cat-bijoux-pierres-naturelles","9":"product_tag-angoisses","10":"product_tag-colere","11":"product_tag-comprehension","12":"product_tag-crampes","13":"product_tag-os","14":"product_tag-rancoeur","15":"product_tag-spasmophilie","16":"pa_mineraux-biotite","17":"pa_taille-de-bracelet-18cm","18":"pa_type-de-bijoux-bracelet","20":"first","21":"instock","22":"shipping-taxable","23":"purchasable","24":"product-type-simple"},"jetpack_sharing_enabled":true,"_links":{"self":[{"href":"https:\/\/lesfeespapillons-mineraux.com\/index.php\/wp-json\/wp\/v2\/product\/12551","targetHints":{"allow":["GET"]}}],"collection":[{"href":"https:\/\/lesfeespapillons-mineraux.com\/index.php\/wp-json\/wp\/v2\/product"}],"about":[{"href":"https:\/\/lesfeespapillons-mineraux.com\/index.php\/wp-json\/wp\/v2\/types\/product"}],"wp:featuredmedia":[{"embeddable":true,"href":"https:\/\/lesfeespapillons-mineraux.com\/index.php\/wp-json\/wp\/v2\/media\/12552"}],"wp:attachment":[{"href":"https:\/\/lesfeespapillons-mineraux.com\/index.php\/wp-json\/wp\/v2\/media?parent=12551"}],"wp:term":[{"taxonomy":"product_brand","embeddable":true,"href":"https:\/\/lesfeespapillons-mineraux.com\/index.php\/wp-json\/wp\/v2\/product_brand?post=12551"},{"taxonomy":"product_cat","embeddable":true,"href":"https:\/\/lesfeespapillons-mineraux.com\/index.php\/wp-json\/wp\/v2\/product_cat?post=12551"},{"taxonomy":"product_tag","embeddable":true,"href":"https:\/\/lesfeespapillons-mineraux.com\/index.php\/wp-json\/wp\/v2\/product_tag?post=12551"}],"curies":[{"name":"wp","href":"https:\/\/api.w.org\/{rel}","templated":true}]}}