{"id":12539,"date":"2023-11-05T22:08:37","date_gmt":"2023-11-05T21:08:37","guid":{"rendered":"https:\/\/lesfeespapillons-mineraux.com\/?post_type=product&#038;p=12539"},"modified":"2024-12-27T17:16:41","modified_gmt":"2024-12-27T16:16:41","slug":"bracelet-apatite-bleue-calcedoine-oeil-de-faucon-8mm-et-argent-925-2","status":"publish","type":"product","link":"https:\/\/lesfeespapillons-mineraux.com\/index.php\/produit\/bracelet-apatite-bleue-calcedoine-oeil-de-faucon-8mm-et-argent-925-2\/","title":{"rendered":"Bracelet en apatite bleue, calc\u00e9doine, \u0153il de faucon #8 et argent 925"},"content":{"rendered":"<p style=\"text-align: center\"><strong>Bracelet \u00ab\u00a0clart\u00e9 et communication\u00a0\u00bb<br \/>\n<\/strong><\/p>\n<p>&nbsp;<\/p>\n<p>Un bijou associant <strong>apatite bleue<\/strong>, <strong>calc\u00e9doine bleue<\/strong> et <strong>\u0153il de faucon<\/strong> combine trois pierres aux nuances bleues et aux propri\u00e9t\u00e9s \u00e9nerg\u00e9tiques harmonieuses, offrant des bienfaits pour la communication, la protection et l\u2019apaisement.<\/p>\n<p>&nbsp;<\/p>\n<p><strong>Apatite bleue<\/strong><\/p>\n<ul>\n<li><strong>Couleur<\/strong> : Bleu vif, parfois avec des nuances turquoise.<\/li>\n<li><strong>Chakra associ\u00e9<\/strong> : Chakra de la gorge (<em>Vishuddha<\/em>) et chakra du troisi\u00e8me \u0153il (<em>Ajna<\/em>).<\/li>\n<li><strong>Propri\u00e9t\u00e9s \u00e9nerg\u00e9tiques<\/strong> :\n<ul>\n<li><strong>Communication et expression<\/strong> : L&rsquo;apatite bleue stimule la <strong>communication claire<\/strong>, favorise l\u2019<strong>expression personnelle<\/strong> et aide \u00e0 exprimer ses id\u00e9es avec confiance.<\/li>\n<li><strong>Clart\u00e9 mentale<\/strong> : Elle am\u00e9liore la <strong>concentration<\/strong>, la <strong>motivation<\/strong> et encourage \u00e0 fixer des objectifs. C\u2019est une pierre id\u00e9ale pour renforcer l\u2019<strong>intellect<\/strong> et trouver des solutions cr\u00e9atives.<\/li>\n<li><strong>\u00c9veil spirituel<\/strong> : L\u2019apatite bleue est \u00e9galement utilis\u00e9e pour approfondir la <strong>conscience spirituelle<\/strong> et ouvrir l\u2019esprit \u00e0 de nouvelles perspectives.<\/li>\n<\/ul>\n<\/li>\n<\/ul>\n<p>&nbsp;<\/p>\n<p><strong>\u00a0Calc\u00e9doine bleue<\/strong><\/p>\n<ul>\n<li><strong>Couleur<\/strong> : Bleu p\u00e2le, doux et translucide.<\/li>\n<li><strong>Chakra associ\u00e9<\/strong> : Chakra de la gorge (<em>Vishuddha<\/em>).<\/li>\n<li><strong>Propri\u00e9t\u00e9s \u00e9nerg\u00e9tiques<\/strong> :\n<ul>\n<li><strong>Apaisement et s\u00e9r\u00e9nit\u00e9<\/strong> : La calc\u00e9doine bleue est une pierre d\u2019<strong>apaisement<\/strong>, qui calme les \u00e9motions, favorise la <strong>paix int\u00e9rieure<\/strong> et dissipe le stress. Elle aide \u00e0 rester serein dans les moments difficiles.<\/li>\n<li><strong>Facilitation de la communication<\/strong> : Comme l\u2019apatite, la calc\u00e9doine bleue agit sur le chakra de la gorge, encourageant une <strong>communication douce<\/strong> et <strong>harmonieuse<\/strong>. Elle est id\u00e9ale pour ceux qui cherchent \u00e0 surmonter la timidit\u00e9 ou les blocages \u00e9motionnels.<\/li>\n<li><strong>Ouverture \u00e9motionnelle<\/strong> : Cette pierre favorise une meilleure compr\u00e9hension de ses propres \u00e9motions et aide \u00e0 \u00e9tablir des <strong>liens de confiance<\/strong> dans les relations.<\/li>\n<\/ul>\n<\/li>\n<\/ul>\n<p>&nbsp;<\/p>\n<p><strong>\u0152il de faucon<\/strong><\/p>\n<ul>\n<li><strong>Couleur<\/strong> : Bleu-gris \u00e0 bleu fonc\u00e9 avec des reflets iris\u00e9s.<\/li>\n<li><strong>Chakra associ\u00e9<\/strong> : Chakra du troisi\u00e8me \u0153il (Ajna)<\/li>\n<li><strong>Propri\u00e9t\u00e9s \u00e9nerg\u00e9tiques<\/strong> :\n<ul>\n<li><strong>Clart\u00e9 de vision<\/strong> : L&rsquo;\u0153il de faucon favorise une meilleure <strong>perception<\/strong> et <strong>vision int\u00e9rieure<\/strong>, aidant \u00e0 d\u00e9velopper la <strong>clairvoyance<\/strong> et \u00e0 voir les v\u00e9rit\u00e9s cach\u00e9es. C&rsquo;est une pierre d\u2019intuition qui aide \u00e0 prendre des d\u00e9cisions \u00e9clair\u00e9es.<\/li>\n<li><strong>Protection et ancrage<\/strong> : Cette pierre est connue pour sa capacit\u00e9 \u00e0 offrir une <strong>protection \u00e9nerg\u00e9tique<\/strong>, \u00e0 dissiper les \u00e9nergies n\u00e9gatives et \u00e0 maintenir un bon <strong>ancrage<\/strong> spirituel.<\/li>\n<li><strong>Adaptabilit\u00e9<\/strong> : L\u2019\u0153il de faucon aide \u00e0 rester <strong>flexible<\/strong> face aux changements et favorise l\u2019<strong>ouverture d\u2019esprit<\/strong>.<\/li>\n<\/ul>\n<\/li>\n<\/ul>\n<p>&nbsp;<\/p>\n<p><strong>BIENFAITS COMBIN\u00c9S DU BIJOU<\/strong><\/p>\n<p>L\u2019association de l\u2019apatite bleue, de la calc\u00e9doine bleue et de l\u2019\u0153il de faucon cr\u00e9e un \u00e9quilibre \u00e9nerg\u00e9tique qui allie <strong>communication<\/strong>, <strong>protection<\/strong> et <strong>apaisement \u00e9motionnel<\/strong>. Voici les principaux bienfaits d\u2019un bijou associant ces trois pierres :<\/p>\n<ol>\n<li><strong> Am\u00e9lioration de la communication et de l&rsquo;expression<\/strong><\/li>\n<\/ol>\n<ul>\n<li><strong>Apatite bleue<\/strong> et <strong>calc\u00e9doine bleue<\/strong> travaillent ensemble pour stimuler et lib\u00e9rer la <strong>communication<\/strong>. Elles agissent sur le chakra de la gorge, facilitant l&rsquo;expression sinc\u00e8re, fluide et authentique des \u00e9motions et des pens\u00e9es.<\/li>\n<li>Ce bijou est parfait pour ceux qui cherchent \u00e0 am\u00e9liorer leur <strong>capacit\u00e9 \u00e0 s\u2019exprimer<\/strong>, que ce soit dans des contextes personnels ou professionnels.<\/li>\n<\/ul>\n<ol start=\"2\">\n<li><strong> Apaisement \u00e9motionnel et calme int\u00e9rieur<\/strong><\/li>\n<\/ol>\n<ul>\n<li>La <strong>calc\u00e9doine bleue<\/strong> apporte une \u00e9nergie douce qui apaise les <strong>tensions \u00e9motionnelles<\/strong>, r\u00e9duit le stress et cr\u00e9e une ambiance de <strong>s\u00e9r\u00e9nit\u00e9<\/strong>. En combinaison avec l\u2019apatite, qui stimule la clart\u00e9 mentale, ce bijou aide \u00e0 calmer l\u2019esprit tout en restant concentr\u00e9 et motiv\u00e9.<\/li>\n<li>C\u2019est un bijou id\u00e9al pour les personnes stress\u00e9es, ou celles qui ont besoin de retrouver un \u00e9quilibre \u00e9motionnel.<\/li>\n<\/ul>\n<ol start=\"3\">\n<li><strong> Protection \u00e9nerg\u00e9tique et ancrage<\/strong><\/li>\n<\/ol>\n<ul>\n<li>Gr\u00e2ce \u00e0 l&rsquo;<strong>\u0153il de faucon<\/strong>, ce bijou offre une forte <strong>protection contre les influences n\u00e9gatives<\/strong> et aide \u00e0 rester ancr\u00e9 dans des moments de turbulence. L\u2019\u0153il de faucon agit comme un bouclier qui prot\u00e8ge et renforce la stabilit\u00e9 int\u00e9rieure, tout en encourageant une <strong>vision claire<\/strong> des situations.<\/li>\n<li>Cela permet de mieux g\u00e9rer les obstacles et d\u2019affronter les changements de mani\u00e8re plus <strong>adapt\u00e9e<\/strong>.<\/li>\n<\/ul>\n<ol start=\"4\">\n<li><strong> Stimulation de l\u2019intuition et de la vision int\u00e9rieure<\/strong><\/li>\n<\/ol>\n<ul>\n<li>L&rsquo;\u0153il de faucon, en particulier lorsqu&rsquo;il est combin\u00e9 \u00e0 l&rsquo;apatite bleue, renforce la <strong>clairvoyance<\/strong> et l&rsquo;<strong>intuition<\/strong>. Ce bijou peut aider \u00e0 mieux comprendre ses intuitions, \u00e0 \u00e9couter son <strong>instinct<\/strong> et \u00e0 prendre des d\u00e9cisions \u00e9clair\u00e9es.<\/li>\n<li>Ceux qui cherchent \u00e0 d\u00e9velopper leur <strong>perception psychique<\/strong> ou \u00e0 renforcer leur capacit\u00e9 \u00e0 voir les v\u00e9rit\u00e9s cach\u00e9es trouveront ce bijou tr\u00e8s utile.<\/li>\n<\/ul>\n<ol start=\"5\">\n<li><strong> \u00c9quilibre entre dynamisme mental et tranquillit\u00e9 \u00e9motionnelle<\/strong><\/li>\n<\/ol>\n<ul>\n<li>Ce bijou cr\u00e9e un \u00e9quilibre entre les \u00e9nergies <strong>stimulantes<\/strong> de l&rsquo;apatite bleue et les propri\u00e9t\u00e9s <strong>apaisantes<\/strong> de la calc\u00e9doine bleue. Cela permet \u00e0 la personne qui le porte de rester mentalement active et concentr\u00e9e, tout en maintenant une <strong>tranquillit\u00e9 int\u00e9rieure<\/strong>.<\/li>\n<li>Il est id\u00e9al pour les personnes qui ont besoin d\u2019une clart\u00e9 mentale tout en gardant un esprit calme et d\u00e9tendu.<\/li>\n<\/ul>\n<p>&nbsp;<\/p>\n<p><strong>ESTH\u00c9TIQUE ET SYMBOLES<\/strong><\/p>\n<p>Visuellement, ce bijou r\u00e9unit des tons de <strong>bleu vif<\/strong> (apatite), de <strong>bleu p\u00e2le<\/strong> (calc\u00e9doine) et des reflets bleus <strong>iris\u00e9s<\/strong> (\u0153il de faucon). Ces couleurs \u00e9voquent la <strong>paix<\/strong>, la <strong>profondeur \u00e9motionnelle<\/strong> et la <strong>clart\u00e9<\/strong>. Le bleu est une couleur souvent associ\u00e9e \u00e0 la <strong>spiritualit\u00e9<\/strong>, \u00e0 la <strong>sagesse<\/strong>, et \u00e0 la <strong>communication<\/strong>.<\/p>\n<p>Les symboles derri\u00e8re chaque pierre se rejoignent autour de th\u00e8mes comme la <strong>vision claire<\/strong>, l&rsquo;<strong>\u00e9quilibre \u00e9motionnel<\/strong>, et la <strong>protection<\/strong>, ce qui renforce l\u2019id\u00e9e que ce bijou peut \u00eatre un alli\u00e9 pr\u00e9cieux pour ceux qui recherchent \u00e0 la fois des outils pour am\u00e9liorer leurs interactions avec le monde et un soutien spirituel.<\/p>\n<p>&nbsp;<\/p>\n<p><strong>CONCLUSION<\/strong><\/p>\n<p>Un bijou combinant <strong>apatite bleue<\/strong>, <strong>calc\u00e9doine bleue<\/strong> et <strong>\u0153il de faucon<\/strong> est un accessoire aussi \u00e9l\u00e9gant que puissant. Ses bienfaits incluent :<\/p>\n<ul>\n<li>Une <strong>am\u00e9lioration de la communication<\/strong> et de l\u2019expression sinc\u00e8re.<\/li>\n<li>Un <strong>apaisement \u00e9motionnel<\/strong> et un sentiment de <strong>paix int\u00e9rieure<\/strong>.<\/li>\n<li>Une <strong>protection<\/strong> contre les \u00e9nergies n\u00e9gatives et un <strong>ancrage spirituel<\/strong>.<\/li>\n<li>Une <strong>clairvoyance<\/strong> accrue, permettant de mieux percevoir la v\u00e9rit\u00e9 et de prendre des d\u00e9cisions judicieuses.<\/li>\n<\/ul>\n<p>C&rsquo;est un bijou parfait pour ceux qui cherchent \u00e0 harmoniser leurs <strong>pens\u00e9es<\/strong>, leurs <strong>\u00e9motions<\/strong> et leur <strong>intuition<\/strong> tout en restant prot\u00e9g\u00e9s des influences ext\u00e9rieures n\u00e9gatives.<\/p>\n<p>&nbsp;<\/p>\n<p>&nbsp;<\/p>\n<p>&nbsp;<\/p>\n<p>&nbsp;<\/p>\n<p>&nbsp;<\/p>\n<p>&nbsp;<\/p>\n<p>&nbsp;<\/p>\n<p>&nbsp;<\/p>\n<p>&nbsp;<\/p>\n<p><sub>\u00a0<\/sub><\/p>\n<p>&nbsp;<\/p>\n<p>&nbsp;<\/p>\n<p>&nbsp;<\/p>\n<p><sub>\u00a0<\/sub><\/p>\n<p>&nbsp;<\/p>\n<p>&nbsp;<\/p>\n<p>&nbsp;<\/p>\n<p>&nbsp;<\/p>\n<p>&nbsp;<\/p>\n<p>&nbsp;<\/p>\n<p><sub>\u00a0<\/sub><\/p>\n<p>&nbsp;<\/p>\n<p><sub>\u00a0<\/sub><\/p>\n<p>&nbsp;<\/p>\n<p>&nbsp;<\/p>\n<p>&nbsp;<\/p>\n<p><sub>\u00a0<\/sub><\/p>\n<p>&nbsp;<\/p>\n<p>&nbsp;<\/p>\n<p>&nbsp;<\/p>\n<p>&nbsp;<\/p>\n<p>&nbsp;<\/p>\n<p>&nbsp;<\/p>\n<p><sub>\u00a0<\/sub><\/p>\n<p>&nbsp;<\/p>\n<p><sub>\u00a0<\/sub><\/p>\n<p>&nbsp;<\/p>\n","protected":false},"excerpt":{"rendered":"<p>taille : 19,5cm<\/p>\n","protected":false},"featured_media":12540,"template":"","meta":[],"product_brand":[],"product_cat":[96,159,109],"product_tag":[511,512,144,501,470,514,561,560,518,483,513,505,515,133,562,563],"class_list":{"0":"post-12539","1":"product","2":"type-product","3":"status-publish","4":"has-post-thumbnail","6":"product_cat-bijoux","7":"product_cat-bijoux-perles","8":"product_cat-bijoux-pierres-naturelles","9":"product_tag-aggressivite","10":"product_tag-begaiement","11":"product_tag-communication","12":"product_tag-concentration","13":"product_tag-crampes","14":"product_tag-creativite","15":"product_tag-determination","16":"product_tag-ecoute","17":"product_tag-elan","18":"product_tag-energie","19":"product_tag-gorge","20":"product_tag-inquietude","21":"product_tag-intuition","22":"product_tag-migraines","23":"product_tag-motivation","24":"product_tag-musculature","25":"pa_mineraux-apatite","26":"pa_mineraux-calcedoine","27":"pa_mineraux-oeil-de-faucon","28":"pa_taille-de-bracelet-195cm","29":"pa_type-de-bijoux-bracelet","31":"first","32":"instock","33":"shipping-taxable","34":"purchasable","35":"product-type-simple"},"jetpack_sharing_enabled":true,"_links":{"self":[{"href":"https:\/\/lesfeespapillons-mineraux.com\/index.php\/wp-json\/wp\/v2\/product\/12539","targetHints":{"allow":["GET"]}}],"collection":[{"href":"https:\/\/lesfeespapillons-mineraux.com\/index.php\/wp-json\/wp\/v2\/product"}],"about":[{"href":"https:\/\/lesfeespapillons-mineraux.com\/index.php\/wp-json\/wp\/v2\/types\/product"}],"wp:featuredmedia":[{"embeddable":true,"href":"https:\/\/lesfeespapillons-mineraux.com\/index.php\/wp-json\/wp\/v2\/media\/12540"}],"wp:attachment":[{"href":"https:\/\/lesfeespapillons-mineraux.com\/index.php\/wp-json\/wp\/v2\/media?parent=12539"}],"wp:term":[{"taxonomy":"product_brand","embeddable":true,"href":"https:\/\/lesfeespapillons-mineraux.com\/index.php\/wp-json\/wp\/v2\/product_brand?post=12539"},{"taxonomy":"product_cat","embeddable":true,"href":"https:\/\/lesfeespapillons-mineraux.com\/index.php\/wp-json\/wp\/v2\/product_cat?post=12539"},{"taxonomy":"product_tag","embeddable":true,"href":"https:\/\/lesfeespapillons-mineraux.com\/index.php\/wp-json\/wp\/v2\/product_tag?post=12539"}],"curies":[{"name":"wp","href":"https:\/\/api.w.org\/{rel}","templated":true}]}}