{"id":12501,"date":"2023-11-05T11:42:09","date_gmt":"2023-11-05T10:42:09","guid":{"rendered":"https:\/\/lesfeespapillons-mineraux.com\/?post_type=product&#038;p=12501"},"modified":"2024-12-27T17:19:42","modified_gmt":"2024-12-27T16:19:42","slug":"pendentif-arbre-de-vie-calcedoine-serti-argent-925","status":"publish","type":"product","link":"https:\/\/lesfeespapillons-mineraux.com\/index.php\/produit\/pendentif-arbre-de-vie-calcedoine-serti-argent-925\/","title":{"rendered":"Pendentif arbre de vie en calc\u00e9doine serti argent 925"},"content":{"rendered":"<p style=\"text-align: center\"><strong>L\u2019arbre de vie<\/strong><\/p>\n<p>&nbsp;<\/p>\n<p>L\u2019Arbre de Vie est un symbole universel, pr\u00e9sent dans de nombreuses cultures et traditions spirituelles \u00e0 travers le monde. Il incarne l&rsquo;interconnexion entre tous les \u00eatres vivants, repr\u00e9sentant la croissance, la force, la sagesse et la continuit\u00e9 de la vie.<\/p>\n<p><strong>Origine :<\/strong><\/p>\n<p>Le symbole de l&rsquo;Arbre de Vie est ancestral et appara\u00eet dans diverses civilisations, notamment :<\/p>\n<ul>\n<li><strong>\u00c9gypte ancienne :<\/strong> L&rsquo;Arbre de Vie repr\u00e9sentait l\u2019immortalit\u00e9 et le cycle de la vie et de la mort.<\/li>\n<li><strong>Mythologie nordique :<\/strong> L\u2019Yggdrasil, l\u2019Arbre-monde, relie les neuf mondes de la cosmologie nordique.<\/li>\n<li><strong>Cultures celtiques :<\/strong> Les Celtes voyaient l&rsquo;Arbre de Vie comme un lien sacr\u00e9 entre la Terre et les cieux, un symbole de la nature et de l&rsquo;harmonie.<\/li>\n<li><strong>Traditions bouddhistes et hindouistes :<\/strong> L\u2019arbre Bodhi est l\u2019arbre sous lequel Bouddha atteignit l\u2019illumination, repr\u00e9sentant ainsi la sagesse et l\u2019\u00e9veil spirituel.<\/li>\n<\/ul>\n<p><strong>Symbolisme :<\/strong><\/p>\n<ol>\n<li><strong>Cycle de la Vie :<\/strong>\n<ul>\n<li>L&rsquo;Arbre de Vie repr\u00e9sente les diff\u00e9rents cycles de la vie : naissance, croissance, mort et renaissance. Les racines ancr\u00e9es dans la Terre symbolisent la connexion au pass\u00e9 et aux anc\u00eatres, tandis que les branches s&rsquo;\u00e9tendant vers le ciel repr\u00e9sentent le futur et l&rsquo;aspiration \u00e0 l\u2019\u00e9volution spirituelle.<\/li>\n<\/ul>\n<\/li>\n<li><strong>Interconnexion :<\/strong>\n<ul>\n<li>L&rsquo;Arbre de Vie symbolise l&rsquo;interconnexion de tous les \u00eatres vivants. Comme les racines, le tronc et les branches d\u2019un arbre sont interconnect\u00e9s, il en est de m\u00eame pour les \u00eatres humains, la nature et l\u2019univers.<\/li>\n<\/ul>\n<\/li>\n<li><strong>Force et croissance :<\/strong>\n<ul>\n<li>Un arbre solide, bien enracin\u00e9, symbolise la force, la pers\u00e9v\u00e9rance et la r\u00e9silience face aux \u00e9preuves de la vie. Il grandit lentement, illustrant la croissance personnelle et spirituelle.<\/li>\n<\/ul>\n<\/li>\n<li><strong>\u00c9quilibre et harmonie :<\/strong>\n<ul>\n<li>L\u2019Arbre de Vie incarne l\u2019\u00e9quilibre entre la Terre (le monde mat\u00e9riel) et le ciel (le monde spirituel). Il repr\u00e9sente l&rsquo;harmonie entre le corps, l\u2019esprit et l\u2019\u00e2me.<\/li>\n<\/ul>\n<\/li>\n<li><strong>F\u00e9condit\u00e9 et abondance :<\/strong>\n<ul>\n<li>Dans certaines traditions, l\u2019Arbre de Vie est vu comme un symbole de f\u00e9condit\u00e9 et d&rsquo;abondance, car il produit des fruits et nourrit la vie qui l\u2019entoure. Il est associ\u00e9 \u00e0 la prosp\u00e9rit\u00e9 et \u00e0 la richesse de la nature.<\/li>\n<\/ul>\n<\/li>\n<li><strong>\u00c9veil spirituel :<\/strong>\n<ul>\n<li>L&rsquo;Arbre de Vie est souvent li\u00e9 \u00e0 l\u2019\u00e9veil spirituel, comme dans le cas de l\u2019arbre Bodhi sous lequel Bouddha a atteint l\u2019illumination. Il repr\u00e9sente la qu\u00eate de v\u00e9rit\u00e9 et de sagesse.<\/li>\n<\/ul>\n<\/li>\n<\/ol>\n<p><strong>Symbolisme dans diff\u00e9rentes cultures :<\/strong><\/p>\n<ul>\n<li><strong>\u00c9gyptiens anciens :<\/strong> L\u2019Arbre de Vie reliait le monde des vivants au monde des morts. Il \u00e9tait souvent repr\u00e9sent\u00e9 dans les tombes et les temples, symbolisant l&rsquo;immortalit\u00e9.<\/li>\n<li><strong>Celtes :<\/strong> Les Celtes consid\u00e9raient l&rsquo;Arbre de Vie comme un symbole sacr\u00e9, repr\u00e9sentant l&rsquo;union entre la nature et l&rsquo;humain. Ils croyaient que les arbres \u00e9taient habit\u00e9s par des esprits et \u00e9taient le pont entre le monde terrestre et l&rsquo;au-del\u00e0.<\/li>\n<li><strong>Nordiques :<\/strong> L\u2019Yggdrasil est l\u2019Arbre cosmique, soutenant et reliant les neuf mondes dans la mythologie nordique. Ses racines plongent dans les mondes inf\u00e9rieurs, tandis que ses branches touchent les cieux.<\/li>\n<li><strong>Christianisme :<\/strong> L\u2019Arbre de Vie appara\u00eet dans la Gen\u00e8se, o\u00f9 il est plant\u00e9 dans le Jardin d\u2019\u00c9den. Il est associ\u00e9 \u00e0 l\u2019\u00e9ternit\u00e9 et \u00e0 la vie \u00e9ternelle.<\/li>\n<\/ul>\n<p><strong>Utilisation moderne :<\/strong><\/p>\n<p>Aujourd&rsquo;hui, l&rsquo;Arbre de Vie est un symbole populaire dans de nombreux domaines :<\/p>\n<ul>\n<li><strong>Bijoux et art :<\/strong> L&rsquo;Arbre de Vie est fr\u00e9quemment utilis\u00e9 dans la cr\u00e9ation de bijoux, souvent pour symboliser la croissance personnelle, la protection ou la spiritualit\u00e9.<\/li>\n<li><strong>D\u00e9veloppement personnel :<\/strong> Il repr\u00e9sente la qu\u00eate de sagesse, de connaissance de soi et l\u2019harmonie int\u00e9rieure.<\/li>\n<li><strong>Spiritualit\u00e9 et m\u00e9ditation :<\/strong> Beaucoup de gens utilisent l\u2019image de l&rsquo;Arbre de Vie dans la m\u00e9ditation pour se connecter \u00e0 la nature, \u00e0 eux-m\u00eames et \u00e0 l\u2019univers.<\/li>\n<\/ul>\n<p><strong>R\u00e9sum\u00e9 :<\/strong><\/p>\n<p>L&rsquo;Arbre de Vie est un symbole universel, repr\u00e9sentant l\u2019interconnexion de tous les \u00eatres vivants, la croissance, l\u2019\u00e9quilibre, la force et la sagesse. Il traverse les cultures et les \u00e9poques, incarnant \u00e0 la fois la continuit\u00e9 de la vie, l\u2019harmonie spirituelle et l&rsquo;unit\u00e9 entre le monde mat\u00e9riel et le monde spirituel.<\/p>\n<p>&nbsp;<\/p>\n<p>&nbsp;<\/p>\n<p style=\"text-align: center\"><strong>La Calc\u00e9doine Bleue<\/strong><\/p>\n<p style=\"text-align: center\"><strong>Famille : Quartz (sous-famille des calc\u00e9doines)<\/strong><\/p>\n<p>&nbsp;<\/p>\n<p><strong>Couleur :<\/strong><\/p>\n<p>La Calc\u00e9doine Bleue se caract\u00e9rise par des nuances de bleu doux, allant du bleu p\u00e2le au bleu gris\u00e2tre, souvent avec un aspect laiteux ou l\u00e9g\u00e8rement translucide. Sa couleur apaisante lui conf\u00e8re une apparence sereine et \u00e9th\u00e9r\u00e9e.<\/p>\n<p><strong>Origine et gisements :<\/strong><\/p>\n<p>Les gisements de Calc\u00e9doine Bleue se trouvent principalement en Turquie, au Br\u00e9sil, en Namibie, en Inde, aux \u00c9tats-Unis et \u00e0 Madagascar. Les pierres de meilleure qualit\u00e9 proviennent g\u00e9n\u00e9ralement de ces r\u00e9gions, en particulier la Turquie, c\u00e9l\u00e8bre pour sa belle Calc\u00e9doine Bleue.<\/p>\n<p><strong>Propri\u00e9t\u00e9s physiques :<\/strong><\/p>\n<ul>\n<li><strong>Duret\u00e9 :<\/strong> 6,5 \u00e0 7 sur l\u2019\u00e9chelle de Mohs<\/li>\n<li><strong>Syst\u00e8me cristallin :<\/strong> Rhombo\u00e9drique<\/li>\n<li><strong>Densit\u00e9 :<\/strong> 2,58 \u00e0 2,64<\/li>\n<li><strong>\u00c9clat :<\/strong> Vitreux \u00e0 soyeux<\/li>\n<li><strong>Transparence :<\/strong> Translucide \u00e0 opaque<\/li>\n<li><strong>Clivage :<\/strong> Absent (fracture concho\u00efdale)<\/li>\n<\/ul>\n<p><strong>Symbolisme et histoire :<\/strong><\/p>\n<p>La Calc\u00e9doine Bleue est une pierre symbolisant la paix, l&rsquo;harmonie et la douceur. Depuis l&rsquo;Antiquit\u00e9, elle est utilis\u00e9e comme amulette protectrice et pierre apaisante. Les Romains et les Grecs la consid\u00e9raient comme une pierre de grande valeur pour \u00e9loigner les cauchemars et favoriser l&rsquo;\u00e9loquence. Elle tire son nom de la ville de Chalcedon, dans l&rsquo;actuelle Turquie.<\/p>\n<p><strong>Propri\u00e9t\u00e9s en lithoth\u00e9rapie :<\/strong><\/p>\n<ul>\n<li><strong>Apaisement \u00e9motionnel :<\/strong> La Calc\u00e9doine Bleue est r\u00e9put\u00e9e pour ses effets apaisants sur les \u00e9motions. Elle calme les temp\u00e9raments irritables, soulage l&rsquo;anxi\u00e9t\u00e9 et favorise un sentiment de paix int\u00e9rieure.<\/li>\n<li><strong>Communication et expression :<\/strong> Associ\u00e9e au <strong>chakra de la gorge<\/strong>, elle facilite la communication claire et authentique. Elle est parfaite pour ceux qui ont des difficult\u00e9s \u00e0 s\u2019exprimer ou qui craignent d\u2019\u00eatre mal compris.<\/li>\n<li><strong>\u00c9quilibre et harmonie :<\/strong> Cette pierre harmonise les \u00e9motions et aide \u00e0 dissoudre les blocages \u00e9motionnels, favorisant ainsi la compr\u00e9hension mutuelle et l&rsquo;acceptation de soi.<\/li>\n<li><strong>Favorise la douceur :<\/strong> Elle est id\u00e9ale pour les personnes qui cherchent \u00e0 apporter plus de calme et de tendresse dans leur vie. Elle aide \u00e0 cultiver des relations pacifiques, \u00e0 \u00e9viter les conflits et \u00e0 promouvoir la tol\u00e9rance.<\/li>\n<li><strong>Sant\u00e9 :<\/strong> Sur le plan physique, elle est souvent utilis\u00e9e pour apaiser les inflammations de la gorge, favoriser un bon fonctionnement des cordes vocales et aider \u00e0 renforcer le syst\u00e8me immunitaire.<\/li>\n<li><strong>Chakra :<\/strong> La Calc\u00e9doine Bleue est principalement li\u00e9e au <strong>chakra de la gorge<\/strong>, permettant de clarifier l&rsquo;expression et d&rsquo;am\u00e9liorer la communication.<\/li>\n<\/ul>\n<p><strong>Utilisations et entretien :<\/strong><\/p>\n<ul>\n<li><strong>Bijoux :<\/strong> La Calc\u00e9doine Bleue est tr\u00e8s populaire dans les bijoux, comme les colliers, bracelets et pendentifs, en raison de sa belle couleur douce et de ses propri\u00e9t\u00e9s apaisantes.<\/li>\n<li><strong>D\u00e9coration :<\/strong> Elle est souvent utilis\u00e9e dans des objets d\u00e9coratifs comme des galets polis, des sph\u00e8res ou des sculptures pour apporter une \u00e9nergie douce et tranquille dans une pi\u00e8ce.<\/li>\n<li><strong>Entretien :<\/strong> Pour purifier la Calc\u00e9doine Bleue, il est conseill\u00e9 de la nettoyer sous l\u2019eau claire ou avec de l\u2019encens. Elle peut \u00eatre recharg\u00e9e sous la lumi\u00e8re de la lune ou sur un amas de quartz pour pr\u00e9server ses propri\u00e9t\u00e9s \u00e9nerg\u00e9tiques.<\/li>\n<\/ul>\n<p><strong>Signes astrologiques associ\u00e9s :<\/strong><\/p>\n<p>La Calc\u00e9doine Bleue est particuli\u00e8rement b\u00e9n\u00e9fique pour les signes suivants : <strong>Cancer<\/strong>, <strong>G\u00e9meaux<\/strong>, <strong>Sagittaire<\/strong> et <strong>Capricorne<\/strong>. Elle renforce leur capacit\u00e9 \u00e0 s&rsquo;exprimer avec clart\u00e9 et s\u00e9r\u00e9nit\u00e9.<\/p>\n<p><strong>Anecdote :<\/strong><\/p>\n<p>Dans l\u2019Antiquit\u00e9, les orateurs portaient souvent des amulettes en Calc\u00e9doine Bleue pour am\u00e9liorer leur \u00e9loquence et leur capacit\u00e9 \u00e0 persuader. Les croyances populaires disaient qu&rsquo;elle permettait de parler avec douceur et de capter l\u2019attention de l\u2019auditoire.<\/p>\n<p><strong>R\u00e9sum\u00e9 :<\/strong><br \/>\nLa Calc\u00e9doine Bleue est une pierre douce et apaisante, parfaite pour ceux qui recherchent la paix int\u00e9rieure et une meilleure communication. Associ\u00e9e au chakra de la gorge, elle favorise l\u2019expression authentique et aide \u00e0 surmonter les blocages \u00e9motionnels. Elle apporte harmonie, s\u00e9r\u00e9nit\u00e9 et douceur dans la vie quotidienne, tout en ayant des propri\u00e9t\u00e9s curatives sur les maux de gorge et les inflammations.<\/p>\n<p>&nbsp;<\/p>\n<p>&nbsp;<\/p>\n<p>&nbsp;<\/p>\n<p>&nbsp;<\/p>\n<p>&nbsp;<\/p>\n<p>&nbsp;<\/p>\n<p>&nbsp;<\/p>\n<p><sub>\u00a0<\/sub><\/p>\n<p>&nbsp;<\/p>\n<p>&nbsp;<\/p>\n<p><sub>\u00a0<\/sub><\/p>\n<p>&nbsp;<\/p>\n<p>&nbsp;<\/p>\n<p>&nbsp;<\/p>\n<p>&nbsp;<\/p>\n<p>&nbsp;<\/p>\n<p>&nbsp;<\/p>\n<p>&nbsp;<\/p>\n<p><sub>\u00a0<\/sub><\/p>\n<p>&nbsp;<\/p>\n<p>&nbsp;<\/p>\n<p><sub>\u00a0<\/sub><\/p>\n<p>&nbsp;<\/p>\n","protected":false},"excerpt":{"rendered":"<p>vendu sans cha\u00eene<\/p>\n<p>2,4&#215;0,7&#215;3,2cm<\/p>\n<p>Poids : 10,4 grammes<\/p>\n","protected":false},"featured_media":12502,"template":"","meta":[],"product_brand":[],"product_cat":[96,153,109],"product_tag":[511,512,144,513,505],"class_list":{"0":"post-12501","1":"product","2":"type-product","3":"status-publish","4":"has-post-thumbnail","6":"product_cat-bijoux","7":"product_cat-bijoux-argent-serti","8":"product_cat-bijoux-pierres-naturelles","9":"product_tag-aggressivite","10":"product_tag-begaiement","11":"product_tag-communication","12":"product_tag-gorge","13":"product_tag-inquietude","14":"pa_mineraux-calcedoine","15":"pa_type-de-bijoux-pendentif","17":"first","18":"instock","19":"shipping-taxable","20":"purchasable","21":"product-type-simple"},"jetpack_sharing_enabled":true,"_links":{"self":[{"href":"https:\/\/lesfeespapillons-mineraux.com\/index.php\/wp-json\/wp\/v2\/product\/12501","targetHints":{"allow":["GET"]}}],"collection":[{"href":"https:\/\/lesfeespapillons-mineraux.com\/index.php\/wp-json\/wp\/v2\/product"}],"about":[{"href":"https:\/\/lesfeespapillons-mineraux.com\/index.php\/wp-json\/wp\/v2\/types\/product"}],"wp:featuredmedia":[{"embeddable":true,"href":"https:\/\/lesfeespapillons-mineraux.com\/index.php\/wp-json\/wp\/v2\/media\/12502"}],"wp:attachment":[{"href":"https:\/\/lesfeespapillons-mineraux.com\/index.php\/wp-json\/wp\/v2\/media?parent=12501"}],"wp:term":[{"taxonomy":"product_brand","embeddable":true,"href":"https:\/\/lesfeespapillons-mineraux.com\/index.php\/wp-json\/wp\/v2\/product_brand?post=12501"},{"taxonomy":"product_cat","embeddable":true,"href":"https:\/\/lesfeespapillons-mineraux.com\/index.php\/wp-json\/wp\/v2\/product_cat?post=12501"},{"taxonomy":"product_tag","embeddable":true,"href":"https:\/\/lesfeespapillons-mineraux.com\/index.php\/wp-json\/wp\/v2\/product_tag?post=12501"}],"curies":[{"name":"wp","href":"https:\/\/api.w.org\/{rel}","templated":true}]}}