{"id":10864,"date":"2023-09-26T22:24:48","date_gmt":"2023-09-26T20:24:48","guid":{"rendered":"https:\/\/lesfeespapillons-mineraux.com\/?post_type=product&#038;p=10864"},"modified":"2025-12-10T17:42:38","modified_gmt":"2025-12-10T16:42:38","slug":"pendentif-meteorite-seymchan","status":"publish","type":"product","link":"https:\/\/lesfeespapillons-mineraux.com\/index.php\/produit\/pendentif-meteorite-seymchan\/","title":{"rendered":"pendentifs m\u00e9t\u00e9orite Seymchan"},"content":{"rendered":"<p style=\"text-align: center\"><strong>Les M\u00e9t\u00e9orites Seymchan<\/strong><\/p>\n<p><strong>\u00a0<\/strong><\/p>\n<p><strong>Nom : Seymchan<\/strong><\/p>\n<p><strong>Type : M\u00e9t\u00e9orite sid\u00e9rite-pallasite (mixte : fer-nickel avec inclusions d\u2019olivine)<\/strong><\/p>\n<p><strong>D\u00e9couverte : Juin 1967<\/strong><\/p>\n<p><strong>Lieu : Pr\u00e8s de Seymchan, r\u00e9gion de Magadan, Russie<\/strong><\/p>\n<p><strong>\u00a0<\/strong><\/p>\n<p><strong>Caract\u00e9ristiques Principales :<\/strong><\/p>\n<ul>\n<li><strong>Cat\u00e9gorie<\/strong> : M\u00e9t\u00e9orite mixte (ferro-pallasite)<\/li>\n<li><strong>Composition<\/strong> : La m\u00e9t\u00e9orite Seymchan est compos\u00e9e principalement de fer (Fe) et de nickel (Ni) avec des cristaux d\u2019olivine (Mg, Fe)\u2082SiO\u2084, une forme de p\u00e9ridot, dans les parties pallasitiques.<\/li>\n<li><strong>Apparence<\/strong> :\n<ul>\n<li><strong>Partie m\u00e9tallique<\/strong> : La section en fer-nickel pr\u00e9sente un r\u00e9seau cristallin typique des m\u00e9t\u00e9orites m\u00e9talliques, appel\u00e9 motifs de Widmanst\u00e4tten, avec des lignes g\u00e9om\u00e9triques distinctes.<\/li>\n<li><strong>Partie pallasite<\/strong> : Certaines sections contiennent des cristaux d\u2019olivine de couleur jaune-vert, souvent translucides, ench\u00e2ss\u00e9s dans la matrice m\u00e9tallique.<\/li>\n<\/ul>\n<\/li>\n<\/ul>\n<p>&nbsp;<\/p>\n<p><strong>Histoire de la D\u00e9couverte :<\/strong><\/p>\n<ul>\n<li><strong>D\u00e9couverte initiale<\/strong> : La m\u00e9t\u00e9orite Seymchan a \u00e9t\u00e9 d\u00e9couverte en juin 1967 par F.A. Mednikov, un g\u00e9ologue russe, dans la vall\u00e9e de la rivi\u00e8re Hekandue, pr\u00e8s du village de Seymchan. Initialement, seuls des fragments m\u00e9talliques ont \u00e9t\u00e9 trouv\u00e9s, ce qui la classait comme une sid\u00e9rite (m\u00e9t\u00e9orite m\u00e9tallique).<\/li>\n<li><strong>D\u00e9couverte des inclusions d\u2019olivine<\/strong> : En 2004, d\u2019autres fragments ont \u00e9t\u00e9 trouv\u00e9s, r\u00e9v\u00e9lant la pr\u00e9sence de cristaux d\u2019olivine, caract\u00e9risant ainsi une partie de la m\u00e9t\u00e9orite comme une <strong>pallasite<\/strong> (un type rare de m\u00e9t\u00e9orite contenant du m\u00e9tal et des silicates).<\/li>\n<\/ul>\n<p>&nbsp;<\/p>\n<p><strong>Classification :<\/strong><\/p>\n<ul>\n<li><strong>Type<\/strong> : M\u00e9t\u00e9orite de type mixte (fer-nickel et pallasite). Elle est unique car certaines parties sont purement m\u00e9talliques (ferro-sid\u00e9rite), tandis que d\u2019autres sont pallasitiques (contiennent des olivines).<\/li>\n<li><strong>Groupe<\/strong> : Non classifi\u00e9 pr\u00e9cis\u00e9ment en termes de sous-groupe, car elle poss\u00e8de \u00e0 la fois des caract\u00e9ristiques de m\u00e9t\u00e9orites m\u00e9talliques et de pallasites.<\/li>\n<\/ul>\n<p>&nbsp;<\/p>\n<p><strong>Origine et Formation :<\/strong><\/p>\n<ul>\n<li>Les m\u00e9t\u00e9orites pallasites comme Seymchan proviennent g\u00e9n\u00e9ralement de la <strong>zone de transition<\/strong> entre le noyau m\u00e9tallique et le manteau silicat\u00e9 d&rsquo;ast\u00e9ro\u00efdes diff\u00e9renci\u00e9s. Cela signifie que ces m\u00e9t\u00e9orites se sont form\u00e9es lors de la <strong>dissociation<\/strong> d\u2019un ast\u00e9ro\u00efde parent qui avait un noyau riche en m\u00e9tal et un manteau contenant des silicates, dont l\u2019olivine.<\/li>\n<\/ul>\n<p>&nbsp;<\/p>\n<p><strong>Propri\u00e9t\u00e9s et Utilisations :<\/strong><\/p>\n<ul>\n<li><strong>Scientifique<\/strong> : Seymchan est pr\u00e9cieuse pour l\u2019\u00e9tude de la formation des ast\u00e9ro\u00efdes diff\u00e9renci\u00e9s et des noyaux m\u00e9talliques plan\u00e9taires.<\/li>\n<li><strong>Ornemental<\/strong> : En raison de la beaut\u00e9 des cristaux d&rsquo;olivine et des motifs de Widmanst\u00e4tten, elle est souvent coup\u00e9e et polie pour cr\u00e9er des bijoux ou des objets de collection.<\/li>\n<li><strong>Investissement et collection<\/strong> : Tr\u00e8s recherch\u00e9e par les collectionneurs de m\u00e9t\u00e9orites en raison de sa raret\u00e9 et de la beaut\u00e9 de ses inclusions.<\/li>\n<\/ul>\n<p>&nbsp;<\/p>\n<p><strong>Propri\u00e9t\u00e9s \u00c9nerg\u00e9tiques (lithoth\u00e9rapie) :<\/strong><\/p>\n<p>Pour ceux qui croient aux propri\u00e9t\u00e9s des m\u00e9t\u00e9orites en lithoth\u00e9rapie, Seymchan est associ\u00e9e \u00e0 :<\/p>\n<ul>\n<li><strong>\u00c9quilibre et ancrage<\/strong> : En tant que m\u00e9t\u00e9orite de fer, elle est r\u00e9put\u00e9e pour favoriser l\u2019ancrage et la stabilit\u00e9.<\/li>\n<li><strong>Connexion cosmique<\/strong> : Les m\u00e9t\u00e9orites sont souvent associ\u00e9es \u00e0 l\u2019\u00e9nergie stellaire et \u00e0 la connexion avec l\u2019univers, stimulant la conscience cosmique et la m\u00e9ditation.<\/li>\n<li><strong>Protection \u00e9nerg\u00e9tique<\/strong> : Le fer contenu dans la m\u00e9t\u00e9orite est \u00e9galement consid\u00e9r\u00e9 comme un bouclier contre les \u00e9nergies n\u00e9gatives.<\/li>\n<\/ul>\n<p>&nbsp;<\/p>\n<p><strong>Distribution et Taille :<\/strong><\/p>\n<ul>\n<li><strong>Fragments<\/strong> : Des fragments de tailles vari\u00e9es ont \u00e9t\u00e9 d\u00e9couverts, certains pesant jusqu\u2019\u00e0 plusieurs centaines de kilogrammes. Ces fragments sont r\u00e9guli\u00e8rement disponibles sur le march\u00e9 des m\u00e9t\u00e9orites pour les collectionneurs et les scientifiques.<\/li>\n<li><strong>Taille<\/strong> : Le plus gros sp\u00e9cimen p\u00e8se environ 272 kg, bien que des sp\u00e9cimens beaucoup plus petits soient plus courants et abordables pour les collectionneurs.<\/li>\n<\/ul>\n<p>&nbsp;<\/p>\n<p><strong>Analyse Scientifique :<\/strong><\/p>\n<ul>\n<li><strong>Test chimique<\/strong> : La composition de la m\u00e9t\u00e9orite est analys\u00e9e par spectrom\u00e9trie de masse, confirmant la pr\u00e9sence majoritaire de fer et de nickel, avec des inclusions d\u2019olivine.<\/li>\n<li><strong>\u00c9tude des motifs de Widmanst\u00e4tten<\/strong> : Ces motifs sont des preuves que le m\u00e9tal s&rsquo;est refroidi tr\u00e8s lentement dans l&rsquo;espace sur des millions d&rsquo;ann\u00e9es, \u00e0 une vitesse extr\u00eamement lente, ne pouvant \u00eatre reproduits sur Terre.<\/li>\n<\/ul>\n<p>&nbsp;<\/p>\n<p><strong>Faits Int\u00e9ressants :<\/strong><\/p>\n<ul>\n<li><strong>Raret\u00e9 des pallasites<\/strong> : Les m\u00e9t\u00e9orites pallasites comme Seymchan sont extr\u00eamement rares et ne repr\u00e9sentent qu&rsquo;environ 1 % de toutes les m\u00e9t\u00e9orites d\u00e9couvertes sur Terre.<\/li>\n<li><strong>Beaut\u00e9 unique<\/strong> : La combinaison de m\u00e9tal argent\u00e9 et de cristaux d\u2019olivine jaune-vert fait de Seymchan l\u2019une des m\u00e9t\u00e9orites les plus esth\u00e9tiquement fascinantes.<\/li>\n<\/ul>\n<p>&nbsp;<\/p>\n<p><strong>R\u00e9sum\u00e9 :<\/strong><\/p>\n<p>La m\u00e9t\u00e9orite <strong>Seymchan<\/strong> est un sp\u00e9cimen remarquable qui combine \u00e0 la fois des \u00e9l\u00e9ments m\u00e9talliques et des cristaux de silicate, en particulier de l\u2019olivine. D\u00e9couverte en Russie, cette m\u00e9t\u00e9orite est un pr\u00e9cieux objet d&rsquo;\u00e9tude scientifique pour comprendre la formation des ast\u00e9ro\u00efdes et des plan\u00e8tes diff\u00e9renci\u00e9es. Sa beaut\u00e9 et sa raret\u00e9 en font \u00e9galement un objet de collection tr\u00e8s pris\u00e9, appr\u00e9ci\u00e9 autant pour ses propri\u00e9t\u00e9s physiques que pour ses suppos\u00e9es vertus en lithoth\u00e9rapie.<\/p>\n<p>&nbsp;<\/p>\n","protected":false},"excerpt":{"rendered":"<p>tranches r\u00e9alis\u00e9es dans une partie sans olivine d&rsquo;une m\u00e9t\u00e9orite Seymchan<\/p>\n<p>diam\u00e8tre 1,7cm<\/p>\n<p>vendu sans cha\u00eene<\/p>\n","protected":false},"featured_media":10871,"template":"","meta":[],"product_brand":[],"product_cat":[96,109,15],"product_tag":[],"class_list":{"0":"post-10864","1":"product","2":"type-product","3":"status-publish","4":"has-post-thumbnail","6":"product_cat-bijoux","7":"product_cat-bijoux-pierres-naturelles","8":"product_cat-uncategorized","9":"pa_mineraux-meteorite","10":"pa_piece-318","11":"pa_piece-319","12":"pa_piece-320","13":"pa_piece-322","14":"pa_piece-323","15":"pa_piece-416","16":"pa_type-de-bijoux-pendentif","18":"first","19":"instock","20":"shipping-taxable","21":"purchasable","22":"product-type-variable"},"jetpack_sharing_enabled":true,"_links":{"self":[{"href":"https:\/\/lesfeespapillons-mineraux.com\/index.php\/wp-json\/wp\/v2\/product\/10864","targetHints":{"allow":["GET"]}}],"collection":[{"href":"https:\/\/lesfeespapillons-mineraux.com\/index.php\/wp-json\/wp\/v2\/product"}],"about":[{"href":"https:\/\/lesfeespapillons-mineraux.com\/index.php\/wp-json\/wp\/v2\/types\/product"}],"wp:featuredmedia":[{"embeddable":true,"href":"https:\/\/lesfeespapillons-mineraux.com\/index.php\/wp-json\/wp\/v2\/media\/10871"}],"wp:attachment":[{"href":"https:\/\/lesfeespapillons-mineraux.com\/index.php\/wp-json\/wp\/v2\/media?parent=10864"}],"wp:term":[{"taxonomy":"product_brand","embeddable":true,"href":"https:\/\/lesfeespapillons-mineraux.com\/index.php\/wp-json\/wp\/v2\/product_brand?post=10864"},{"taxonomy":"product_cat","embeddable":true,"href":"https:\/\/lesfeespapillons-mineraux.com\/index.php\/wp-json\/wp\/v2\/product_cat?post=10864"},{"taxonomy":"product_tag","embeddable":true,"href":"https:\/\/lesfeespapillons-mineraux.com\/index.php\/wp-json\/wp\/v2\/product_tag?post=10864"}],"curies":[{"name":"wp","href":"https:\/\/api.w.org\/{rel}","templated":true}]}}