{"id":10240,"date":"2023-09-11T21:22:14","date_gmt":"2023-09-11T19:22:14","guid":{"rendered":"https:\/\/lesfeespapillons-mineraux.com\/?post_type=product&#038;p=10240"},"modified":"2024-12-28T14:12:19","modified_gmt":"2024-12-28T13:12:19","slug":"bougeoir-corail-fossile","status":"publish","type":"product","link":"https:\/\/lesfeespapillons-mineraux.com\/index.php\/produit\/bougeoir-corail-fossile\/","title":{"rendered":"Bougeoir en corail fossile"},"content":{"rendered":"<p style=\"text-align: center\"><strong>Le Corail fossile<\/strong><\/p>\n<p><strong>\u00a0<\/strong><\/p>\n<ul>\n<li><strong>Nom anglais :<\/strong> Fossil Coral<\/li>\n<li><strong>Famille :<\/strong> Calcite ou Silice (selon la nature de la fossilisation)<\/li>\n<\/ul>\n<p>&nbsp;<\/p>\n<p><strong>Couleur :<\/strong><\/p>\n<ul>\n<li>Le corail fossile pr\u00e9sente des couleurs variant du <strong>blanc cass\u00e9<\/strong> au <strong>gris<\/strong>, en passant par des tons de <strong>marron<\/strong>, <strong>rouge<\/strong>, <strong>rose<\/strong>, et m\u00eame des nuances de <strong>jaune<\/strong> ou <strong>noir<\/strong>. Ses motifs se distinguent par des formes circulaires ou en \u00e9ventail, rappelant les anciennes colonies de coraux.<\/li>\n<\/ul>\n<p>&nbsp;<\/p>\n<p><strong>Origine :<\/strong><\/p>\n<ul>\n<li>Les principaux gisements de corail fossile se trouvent en <strong>Indon\u00e9sie<\/strong>, aux <strong>\u00c9tats-Unis<\/strong> (notamment en Floride et en Utah), ainsi qu&rsquo;\u00e0 <strong>Madagascar<\/strong>, et dans certains pays d&rsquo;<strong>Afrique<\/strong>. Il s&rsquo;agit de coraux marins qui se sont fossilis\u00e9s sur des millions d&rsquo;ann\u00e9es.<\/li>\n<\/ul>\n<p>&nbsp;<\/p>\n<p><strong>Composition chimique :<\/strong><\/p>\n<ul>\n<li>Le corail fossile est g\u00e9n\u00e9ralement compos\u00e9 de <strong>carbonate de calcium<\/strong> (CaCO\u2083) lorsqu&rsquo;il est sous forme de calcite, ou de <strong>dioxyde de silicium<\/strong> (SiO\u2082) lorsqu&rsquo;il s&rsquo;est transform\u00e9 en calc\u00e9doine.<\/li>\n<\/ul>\n<p>&nbsp;<\/p>\n<p><strong>Duret\u00e9 sur l&rsquo;\u00e9chelle de Mohs :<\/strong><\/p>\n<ul>\n<li><strong>6 \u00e0 7\/10<\/strong> (d\u00e9pend de la nature min\u00e9ralogique de la fossilisation ; il peut \u00eatre relativement dur lorsqu&rsquo;il est siliceux)<\/li>\n<\/ul>\n<p>&nbsp;<\/p>\n<p><strong>Syst\u00e8me cristallin :<\/strong><\/p>\n<ul>\n<li><strong>Rhombo\u00e9drique<\/strong> ou <strong>trigonal<\/strong>, selon la transformation min\u00e9rale.<\/li>\n<\/ul>\n<p>&nbsp;<\/p>\n<p><strong>Propri\u00e9t\u00e9s en lithoth\u00e9rapie :<\/strong><\/p>\n<ul>\n<li><strong>Stabilit\u00e9 et ancrage<\/strong> : Le corail fossile est r\u00e9put\u00e9 pour ses propri\u00e9t\u00e9s d&rsquo;ancrage, renfor\u00e7ant la stabilit\u00e9 et la connexion \u00e0 la Terre. Il aide \u00e0 se sentir enracin\u00e9 et en s\u00e9curit\u00e9 dans le pr\u00e9sent.<\/li>\n<li><strong>Transformation et \u00e9volution<\/strong> : En tant que symbole du temps et de la transformation (corail qui s&rsquo;est fossilis\u00e9 sur des millions d&rsquo;ann\u00e9es), il encourage \u00e0 accepter les changements dans la vie, \u00e0 se transformer tout en conservant une solidit\u00e9 int\u00e9rieure.<\/li>\n<li><strong>M\u00e9moire ancestrale et sagesse<\/strong> : Le corail fossile est associ\u00e9 \u00e0 la m\u00e9moire ancienne et \u00e0 la sagesse des temps pass\u00e9s. Il favorise l&rsquo;acc\u00e8s aux savoirs profonds et \u00e0 la sagesse ancestrale.<\/li>\n<li><strong>Protection et vitalit\u00e9<\/strong> : Il est souvent utilis\u00e9 pour prot\u00e9ger des \u00e9nergies n\u00e9gatives et apporter vitalit\u00e9 et \u00e9nergie. Le corail fossile agit comme une barri\u00e8re contre les influences n\u00e9gatives ext\u00e9rieures.<\/li>\n<li><strong>Soutien \u00e9motionnel<\/strong> : Il aide \u00e0 surmonter les peurs profondes, \u00e0 g\u00e9rer l&rsquo;anxi\u00e9t\u00e9 et \u00e0 retrouver une paix int\u00e9rieure.<\/li>\n<\/ul>\n<p>&nbsp;<\/p>\n<p><strong>Chakras associ\u00e9s :<\/strong><\/p>\n<ul>\n<li><strong>Chakra racine<\/strong> (Muladhara) : Le corail fossile est \u00e9troitement li\u00e9 \u00e0 ce chakra, favorisant l&rsquo;enracinement, la stabilit\u00e9 et le lien avec la Terre.<\/li>\n<li><strong>Chakra du plexus solaire<\/strong> (Manipura) : Il stimule l\u2019\u00e9nergie personnelle et aide \u00e0 g\u00e9rer les \u00e9motions complexes li\u00e9es \u00e0 la transformation.<\/li>\n<\/ul>\n<p>&nbsp;<\/p>\n<p><strong>Utilisations :<\/strong><\/p>\n<ul>\n<li><strong>Bijoux<\/strong> : Le corail fossile est souvent taill\u00e9 et poli pour \u00eatre utilis\u00e9 dans des bijoux tels que des colliers, des pendentifs, et des bracelets. Ses motifs naturels uniques en font une pierre tr\u00e8s pris\u00e9e.<\/li>\n<li><strong>D\u00e9coration<\/strong> : Sous forme de pierres roul\u00e9es, de galets ou d&rsquo;objets sculpt\u00e9s, il est utilis\u00e9 en d\u00e9coration pour ses motifs organiques et pour apporter une \u00e9nergie stabilisante dans les espaces.<\/li>\n<li><strong>M\u00e9ditation<\/strong> : Le corail fossile peut \u00eatre utilis\u00e9 dans la m\u00e9ditation pour travailler sur l&rsquo;enracinement, la stabilit\u00e9, ou pour acc\u00e9der \u00e0 des connaissances profondes li\u00e9es \u00e0 la Terre et \u00e0 l\u2019histoire.<\/li>\n<\/ul>\n<p>&nbsp;<\/p>\n<p><strong>Entretien :<\/strong><\/p>\n<ul>\n<li><strong>Purification<\/strong> : Le corail fossile peut \u00eatre purifi\u00e9 \u00e0 l\u2019eau claire (\u00e9vitez l&rsquo;eau sal\u00e9e pour \u00e9viter toute d\u00e9t\u00e9rioration), avec de la fum\u00e9e de sauge, ou en le pla\u00e7ant sur un amas de quartz.<\/li>\n<li><strong>Rechargement<\/strong> : Il peut \u00eatre recharg\u00e9 \u00e0 la lumi\u00e8re de la lune, ou en le pla\u00e7ant sur une g\u00e9ode d\u2019am\u00e9thyste ou de quartz. La lumi\u00e8re du soleil est \u00e0 \u00e9viter pour pr\u00e9server ses couleurs.<\/li>\n<\/ul>\n<p>&nbsp;<\/p>\n<p><strong>Symbolisme et Histoire :<\/strong><\/p>\n<ul>\n<li><strong>Symbolisme<\/strong> : Le corail fossile est un symbole puissant de long\u00e9vit\u00e9, de transformation, et de connexion profonde \u00e0 la Terre. Il repr\u00e9sente le passage du temps, la solidit\u00e9 et la continuit\u00e9 de la vie \u00e0 travers les \u00e2ges.<\/li>\n<li><strong>Histoire<\/strong> : Le corail a \u00e9t\u00e9 utilis\u00e9 dans de nombreuses civilisations anciennes pour sa beaut\u00e9 et ses propri\u00e9t\u00e9s protectrices. Sous forme fossile, il est v\u00e9n\u00e9r\u00e9 pour ses motifs naturels rappelant les structures anciennes des r\u00e9cifs coralliens, qui \u00e9taient des \u00e9cosyst\u00e8mes prosp\u00e8res il y a des millions d\u2019ann\u00e9es.<\/li>\n<\/ul>\n<p>&nbsp;<\/p>\n<p><strong>Compatibilit\u00e9 avec d\u2019autres pierres :<\/strong><\/p>\n<p>Le corail fossile peut \u00eatre combin\u00e9 avec :<\/p>\n<ul>\n<li><strong>La jaspe rouge<\/strong> pour renforcer l&rsquo;ancrage et la stabilit\u00e9.<\/li>\n<li><strong>L\u2019obsidienne<\/strong> pour une protection accrue contre les \u00e9nergies n\u00e9gatives.<\/li>\n<li><strong>La citrine<\/strong> pour favoriser la transformation positive et la prosp\u00e9rit\u00e9.<\/li>\n<\/ul>\n<p>&nbsp;<\/p>\n<p>Le <strong>corail fossile<\/strong> est une pierre id\u00e9ale pour ceux qui cherchent \u00e0 renforcer leur ancrage, \u00e0 mieux comprendre les cycles de transformation, et \u00e0 acc\u00e9der \u00e0 une sagesse ancienne. C\u2019est une pierre de protection et de stabilit\u00e9, symbolisant \u00e0 la fois la p\u00e9rennit\u00e9 de la Terre et l&rsquo;\u00e9volution constante de la vie.<\/p>\n<p>&nbsp;<\/p>\n<p>&nbsp;<\/p>\n<p>&nbsp;<\/p>\n<p>&nbsp;<\/p>\n<p>&nbsp;<\/p>\n<p><sub>\u00a0<\/sub><\/p>\n<p>&nbsp;<\/p>\n","protected":false},"excerpt":{"rendered":"<p>10,2x8x3cm<\/p>\n<p>Poids : 308 grammes<\/p>\n","protected":false},"featured_media":10241,"template":"","meta":[],"product_brand":[],"product_cat":[426,104],"product_tag":[146,134,540,541,508,472],"class_list":{"0":"post-10240","1":"product","2":"type-product","3":"status-publish","4":"has-post-thumbnail","6":"product_cat-bougeoir","7":"product_cat-deco","8":"product_tag-apaisement","9":"product_tag-arthrite","10":"product_tag-courage","11":"product_tag-force","12":"product_tag-serenite","13":"product_tag-stress","14":"pa_mineraux-corail-fossile","16":"first","17":"instock","18":"shipping-taxable","19":"purchasable","20":"product-type-simple"},"jetpack_sharing_enabled":true,"_links":{"self":[{"href":"https:\/\/lesfeespapillons-mineraux.com\/index.php\/wp-json\/wp\/v2\/product\/10240","targetHints":{"allow":["GET"]}}],"collection":[{"href":"https:\/\/lesfeespapillons-mineraux.com\/index.php\/wp-json\/wp\/v2\/product"}],"about":[{"href":"https:\/\/lesfeespapillons-mineraux.com\/index.php\/wp-json\/wp\/v2\/types\/product"}],"wp:featuredmedia":[{"embeddable":true,"href":"https:\/\/lesfeespapillons-mineraux.com\/index.php\/wp-json\/wp\/v2\/media\/10241"}],"wp:attachment":[{"href":"https:\/\/lesfeespapillons-mineraux.com\/index.php\/wp-json\/wp\/v2\/media?parent=10240"}],"wp:term":[{"taxonomy":"product_brand","embeddable":true,"href":"https:\/\/lesfeespapillons-mineraux.com\/index.php\/wp-json\/wp\/v2\/product_brand?post=10240"},{"taxonomy":"product_cat","embeddable":true,"href":"https:\/\/lesfeespapillons-mineraux.com\/index.php\/wp-json\/wp\/v2\/product_cat?post=10240"},{"taxonomy":"product_tag","embeddable":true,"href":"https:\/\/lesfeespapillons-mineraux.com\/index.php\/wp-json\/wp\/v2\/product_tag?post=10240"}],"curies":[{"name":"wp","href":"https:\/\/api.w.org\/{rel}","templated":true}]}}