{"id":3428,"date":"2023-01-06T08:40:41","date_gmt":"2023-01-06T08:40:41","guid":{"rendered":"https:\/\/ascella.qodeinteractive.com\/?page_id=3428"},"modified":"2023-01-06T08:40:41","modified_gmt":"2023-01-06T08:40:41","slug":"shop-three-columns","status":"publish","type":"page","link":"https:\/\/lesfeespapillons-mineraux.com\/index.php\/shop-three-columns\/","title":{"rendered":"Shop Three Columns"},"content":{"rendered":"\t\t<div data-elementor-type=\"wp-page\" data-elementor-id=\"3428\" class=\"elementor elementor-3428\">\n\t\t\t\t\t\t<section class=\"elementor-section elementor-top-section elementor-element elementor-element-c9751f1 elementor-section-full_width qodef-elementor-content-grid elementor-section-height-default elementor-section-height-default\" data-id=\"c9751f1\" data-element_type=\"section\">\n\t\t\t\t\t\t<div class=\"elementor-container elementor-column-gap-default\">\n\t\t\t\t\t<div class=\"elementor-column elementor-col-100 elementor-top-column elementor-element elementor-element-90df6c3\" data-id=\"90df6c3\" data-element_type=\"column\">\n\t\t\t<div class=\"elementor-widget-wrap elementor-element-populated\">\n\t\t\t\t\t\t<div class=\"elementor-element elementor-element-1be8d1d elementor-widget elementor-widget-ascella_core_product_list\" data-id=\"1be8d1d\" data-element_type=\"widget\" data-widget_type=\"ascella_core_product_list.default\">\n\t\t\t\t<div class=\"elementor-widget-container\">\n\t\t\t\t\t<div class=\"qodef-shortcode qodef-m  qodef-woo-shortcode qodef-woo-product-list qodef-item-layout--info-below qodef-filter-type--fixed  qodef-variation--color-only  qodef-grid qodef-layout--columns  qodef-gutter--normal qodef-vertical-gutter--medium qodef-col-num--3 qodef-item-layout--info-below qodef-pagination--on qodef-pagination-type--standard qodef-responsive--predefined\" data-options=\"{&quot;plugin&quot;:&quot;ascella_core&quot;,&quot;module&quot;:&quot;plugins\\\/woocommerce\\\/shortcodes&quot;,&quot;shortcode&quot;:&quot;product-list&quot;,&quot;post_type&quot;:&quot;product&quot;,&quot;next_page&quot;:&quot;2&quot;,&quot;max_pages_num&quot;:0,&quot;behavior&quot;:&quot;columns&quot;,&quot;images_proportion&quot;:&quot;full&quot;,&quot;columns&quot;:&quot;3&quot;,&quot;columns_responsive&quot;:&quot;predefined&quot;,&quot;space&quot;:&quot;normal&quot;,&quot;vertical_space&quot;:&quot;medium&quot;,&quot;posts_per_page&quot;:&quot;6&quot;,&quot;orderby&quot;:&quot;date&quot;,&quot;order&quot;:&quot;ASC&quot;,&quot;additional_params&quot;:&quot;tax&quot;,&quot;tax&quot;:&quot;product_cat&quot;,&quot;tax_slug&quot;:&quot;Jewelry&quot;,&quot;layout&quot;:&quot;info-below&quot;,&quot;title_tag&quot;:&quot;h6&quot;,&quot;enable_wishlist&quot;:&quot;yes&quot;,&quot;enable_quickview&quot;:&quot;yes&quot;,&quot;enable_variations&quot;:&quot;yes&quot;,&quot;color_only&quot;:&quot;yes&quot;,&quot;enable_filter&quot;:&quot;no&quot;,&quot;pagination_type&quot;:&quot;standard&quot;,&quot;advanced_filter_type&quot;:&quot;fixed&quot;,&quot;enable_ordering_filter&quot;:&quot;yes&quot;,&quot;first_attribute_filter&quot;:&quot;lenght&quot;,&quot;second_attribute_filter&quot;:&quot;size&quot;,&quot;children&quot;:&quot;%5B%5D&quot;,&quot;object_class_name&quot;:&quot;AscellaCore_Product_List_Shortcode&quot;,&quot;taxonomy_filter&quot;:&quot;product_cat&quot;,&quot;additional_query_args&quot;:{&quot;tax_query&quot;:[{&quot;taxonomy&quot;:&quot;product_cat&quot;,&quot;field&quot;:&quot;slug&quot;,&quot;terms&quot;:&quot;Jewelry&quot;}]},&quot;items&quot;:[],&quot;space_value&quot;:30}\">\n\t\t\t<div class=\"qodef-e-info-right qodef--active\">\n\t\t\t<div class=\"qodef-product-list-ordering\">\n\t\t<select name=\"orderby\" class=\"qodef-orderby\" aria-label=\"Shop order\" tabindex=\"-1\" aria-hidden=\"true\">\n\t\t\t<option value=\"menu_order\">Tri par d\u00e9faut<\/option><option value=\"popularity\">Trier par popularit\u00e9<\/option><option value=\"newness\">Trier par les plus r\u00e9cents<\/option><option value=\"price-range-high\">Trier par prix haut vers le bas<\/option><option value=\"price-range-low\">Trier par prix faible \u00e0 \u00e9lev\u00e9<\/option>\t\t<\/select>\n\t<\/div>\n\t<\/div>\n\t<ul class=\"qodef-grid-inner\">\n\t\t<p class=\"qodef-m-posts-not-found qodef-grid-item\">No posts were found for provided query parameters.<\/p>\n\t<\/ul>\n\t<\/div>\n\t\t\t\t<\/div>\n\t\t\t\t<\/div>\n\t\t\t\t\t<\/div>\n\t\t<\/div>\n\t\t\t\t\t<\/div>\n\t\t<\/section>\n\t\t\t\t<\/div>\n\t\t","protected":false},"excerpt":{"rendered":"<p>Default sortingSort by popularitySort by latestSort by price high to lowSort by price low to high Select options Mix Necklaces Add to wishlist Quick View Beauty bracelestsJewelry 82.00&#036; Select options Pearl Earrings Add to wishlist Quick View Jewelry 72.00&#036; Add to cart Line Earrings Add to wishlist Quick View Jewelry 52.00&#036; Add to cart Necklace [&hellip;]<\/p>\n","protected":false},"author":1,"featured_media":0,"parent":0,"menu_order":0,"comment_status":"closed","ping_status":"closed","template":"page-full-width.php","meta":{"footnotes":""},"class_list":["post-3428","page","type-page","status-publish","hentry"],"jetpack_sharing_enabled":true,"_links":{"self":[{"href":"https:\/\/lesfeespapillons-mineraux.com\/index.php\/wp-json\/wp\/v2\/pages\/3428","targetHints":{"allow":["GET"]}}],"collection":[{"href":"https:\/\/lesfeespapillons-mineraux.com\/index.php\/wp-json\/wp\/v2\/pages"}],"about":[{"href":"https:\/\/lesfeespapillons-mineraux.com\/index.php\/wp-json\/wp\/v2\/types\/page"}],"author":[{"embeddable":true,"href":"https:\/\/lesfeespapillons-mineraux.com\/index.php\/wp-json\/wp\/v2\/users\/1"}],"replies":[{"embeddable":true,"href":"https:\/\/lesfeespapillons-mineraux.com\/index.php\/wp-json\/wp\/v2\/comments?post=3428"}],"version-history":[{"count":0,"href":"https:\/\/lesfeespapillons-mineraux.com\/index.php\/wp-json\/wp\/v2\/pages\/3428\/revisions"}],"wp:attachment":[{"href":"https:\/\/lesfeespapillons-mineraux.com\/index.php\/wp-json\/wp\/v2\/media?parent=3428"}],"curies":[{"name":"wp","href":"https:\/\/api.w.org\/{rel}","templated":true}]}}