{"id":3,"date":"2023-05-24T12:05:24","date_gmt":"2023-05-24T10:05:24","guid":{"rendered":"https:\/\/lesfeespapillons-mineraux.com\/?page_id=3"},"modified":"2023-10-11T20:30:54","modified_gmt":"2023-10-11T18:30:54","slug":"mentions-legales","status":"publish","type":"page","link":"https:\/\/lesfeespapillons-mineraux.com\/index.php\/mentions-legales\/","title":{"rendered":"mentions l\u00e9gales"},"content":{"rendered":"\t\t<div data-elementor-type=\"wp-page\" data-elementor-id=\"3\" class=\"elementor elementor-3\">\n\t\t\t\t\t\t<section class=\"elementor-section elementor-top-section elementor-element elementor-element-1bc1059b elementor-section-boxed elementor-section-height-default elementor-section-height-default\" data-id=\"1bc1059b\" data-element_type=\"section\">\n\t\t\t\t\t\t<div class=\"elementor-container elementor-column-gap-default\">\n\t\t\t\t\t<div class=\"elementor-column elementor-col-100 elementor-top-column elementor-element elementor-element-12ee365c\" data-id=\"12ee365c\" data-element_type=\"column\">\n\t\t\t<div class=\"elementor-widget-wrap elementor-element-populated\">\n\t\t\t\t\t\t<div class=\"elementor-element elementor-element-56b924d7 elementor-widget elementor-widget-text-editor\" data-id=\"56b924d7\" data-element_type=\"widget\" data-widget_type=\"text-editor.default\">\n\t\t\t\t<div class=\"elementor-widget-container\">\n\t\t\t\t\t\t\t\t\t<p><\/p>\n<header class=\"entry-header ast-no-thumbnail ast-no-meta\">\n<h1 class=\"entry-title wp-block-heading\" style=\"text-align: left;\">Mentions l\u00e9gales<\/h1>\n<\/header>\n<div class=\"entry-content clear\">\n<div class=\"elementor-element elementor-element-1af47b0 elementor-widget elementor-widget-text-editor\" style=\"text-align: left;\" data-id=\"1af47b0\" data-element_type=\"widget\" data-settings=\"{&quot;avante_ext_is_scrollme&quot;:&quot;false&quot;,&quot;avante_ext_is_smoove&quot;:&quot;false&quot;,&quot;avante_ext_is_parallax_mouse&quot;:&quot;false&quot;,&quot;avante_ext_is_infinite&quot;:&quot;false&quot;}\" data-widget_type=\"text-editor.default\">\n<div class=\"elementor-widget-container\">\n<div class=\"elementor-text-editor elementor-clearfix\">\n<p style=\"text-align: left;\">La soci\u00e9t\u00e9 LFPC SASU, Nicolas RIGOLLE, soucieuse des droits des individus, notamment\u00a0<span style=\"color: var( --e-global-color-text ); font-family: var( --e-global-typography-text-font-family ), Sans-serif; font-weight: var( --e-global-typography-text-font-weight );\">au regard des traitements automatis\u00e9s, et dans une volont\u00e9 de transparence avec ses clients, a\u00a0<\/span><span style=\"color: var( --e-global-color-text ); font-family: var( --e-global-typography-text-font-family ), Sans-serif; font-weight: var( --e-global-typography-text-font-weight );\">mis en place une politique reprenant l\u2019ensemble de ces traitements, des finalit\u00e9s poursuivies\u00a0<\/span><span style=\"color: var( --e-global-color-text ); font-family: var( --e-global-typography-text-font-family ), Sans-serif; font-weight: var( --e-global-typography-text-font-weight );\">par ces derniers ainsi que des moyens d\u2019actions \u00e0 la disposition des individus afin qu\u2019ils\u00a0<\/span><span style=\"color: var( --e-global-color-text ); font-family: var( --e-global-typography-text-font-family ), Sans-serif; font-weight: var( --e-global-typography-text-font-weight );\">puissent au mieux exercer leurs droits.<\/span><\/p>\n<p style=\"text-align: left;\">Pour toute information compl\u00e9mentaire en ligne de ces conditions d\u2019utilisation est la seule\u00a0<span style=\"color: var( --e-global-color-text ); font-family: var( --e-global-typography-text-font-family ), Sans-serif; font-weight: var( --e-global-typography-text-font-weight );\">opposable pendant toute la dur\u00e9e d\u2019utilisation du site et jusqu\u2019\u00e0 ce qu\u2019une nouvelle version la\u00a0<\/span><span style=\"color: var( --e-global-color-text ); font-family: var( --e-global-typography-text-font-family ), Sans-serif; font-weight: var( --e-global-typography-text-font-weight );\">remplace.<\/span><\/p>\n<\/div>\n<\/div>\n<\/div>\n<div class=\"elementor-element elementor-element-2d61305 elementor-widget elementor-widget-heading\" style=\"text-align: left;\" data-id=\"2d61305\" data-element_type=\"widget\" data-settings=\"{&quot;avante_ext_is_scrollme&quot;:&quot;false&quot;,&quot;avante_ext_is_smoove&quot;:&quot;false&quot;,&quot;avante_ext_is_parallax_mouse&quot;:&quot;false&quot;,&quot;avante_ext_is_infinite&quot;:&quot;false&quot;}\" data-widget_type=\"heading.default\">\n<div class=\"elementor-widget-container\">\n<h3 class=\"elementor-heading-title elementor-size-default\"><span style=\"color: #c495ad;\">ARTICLE 1 : MENTIONS L\u00c9GALES<\/span><\/h3>\n<\/div>\n<\/div>\n<div class=\"elementor-element elementor-element-80c35ef elementor-widget elementor-widget-text-editor\" style=\"text-align: left;\" data-id=\"80c35ef\" data-element_type=\"widget\" data-settings=\"{&quot;avante_ext_is_scrollme&quot;:&quot;false&quot;,&quot;avante_ext_is_smoove&quot;:&quot;false&quot;,&quot;avante_ext_is_parallax_mouse&quot;:&quot;false&quot;,&quot;avante_ext_is_infinite&quot;:&quot;false&quot;}\" data-widget_type=\"text-editor.default\">\n<div class=\"elementor-widget-container\">\n<div class=\"elementor-text-editor elementor-clearfix\">\n<ul>\n<li>Site (ci-apr\u00e8s \u00ab le site \u00bb) : www.lesfeespapillons-mineraux.com<\/li>\n<li>\u00a0Editeur (ci-apr\u00e8s \u00ab l\u2019\u00e9diteur \u00bb) :<br \/>LFPC SASU, Nicolas RIGOLLE, SIRET 80773893500020 situ\u00e9 au 10, rue des Bonnetiers 60200 COMPIEGNE, adresse mail contact@lesfeespapillons-mineraux.com<br \/>\u00a0<\/li>\n<li>\u00a0H\u00e9bergeur (ci-apr\u00e8s \u00abl\u2019h\u00e9bergeur \u00bb) :<br \/>www.lesfeespapillons-mineraux.comest h\u00e9berg\u00e9 par HOSTINGER INTERNATIONAL LTD, 61 Lordou Vironos Street, 6023 Larnaca, Chypree<\/li>\n<\/ul>\n<\/div>\n<\/div>\n<\/div>\n<div class=\"elementor-element elementor-element-2df42ff elementor-widget elementor-widget-heading\" style=\"text-align: left;\" data-id=\"2df42ff\" data-element_type=\"widget\" data-settings=\"{&quot;avante_ext_is_scrollme&quot;:&quot;false&quot;,&quot;avante_ext_is_smoove&quot;:&quot;false&quot;,&quot;avante_ext_is_parallax_mouse&quot;:&quot;false&quot;,&quot;avante_ext_is_infinite&quot;:&quot;false&quot;}\" data-widget_type=\"heading.default\">\n<div class=\"elementor-widget-container\">\n<h3 class=\"elementor-heading-title elementor-size-default\"><span style=\"color: #c495ad;\">ARTICLE 2 : CONTENU DU SITE<\/span><\/h3>\n<\/div>\n<\/div>\n<div class=\"elementor-element elementor-element-cd2be06 elementor-widget elementor-widget-text-editor\" style=\"text-align: left;\" data-id=\"cd2be06\" data-element_type=\"widget\" data-settings=\"{&quot;avante_ext_is_scrollme&quot;:&quot;false&quot;,&quot;avante_ext_is_smoove&quot;:&quot;false&quot;,&quot;avante_ext_is_parallax_mouse&quot;:&quot;false&quot;,&quot;avante_ext_is_infinite&quot;:&quot;false&quot;}\" data-widget_type=\"text-editor.default\">\n<div class=\"elementor-widget-container\">\n<div class=\"elementor-text-editor elementor-clearfix\">\n<p><span style=\"font-weight: 400;\">Toutes photographies, marques, textes, commentaires, illustrations, images anim\u00e9es ou non, s\u00e9quences vid\u00e9o, sons, ainsi que toutes les applications informatiques qui pourraient \u00eatre utilis\u00e9es pour faire fonctionner ce site et plus g\u00e9n\u00e9ralement tous les \u00e9l\u00e9ments reproduits ou utilis\u00e9s sur le site sont prot\u00e9g\u00e9s par les lois en vigueur au titre de la propri\u00e9t\u00e9 intellectuelle. Ils sont la propri\u00e9t\u00e9 pleine et enti\u00e8re de l\u2019\u00e9diteur ou de ses partenaires. Toute reproduction, repr\u00e9sentation, utilisation ou adaptation, sous quelque forme que ce soit, de tout ou partie de ces \u00e9l\u00e9ments, y compris les applications informatiques, sans l\u2019accord pr\u00e9alable et \u00e9crit de l\u2019\u00e9diteur, sont strictement interdites. Le fait pour l\u2019\u00e9diteur de ne pas engager de proc\u00e9dure d\u00e8s la prise de connaissance de ces utilisations non autoris\u00e9es ne vaut pas acceptation desdites utilisations et renonciation aux poursuites.<\/span><\/p>\n<\/div>\n<\/div>\n<\/div>\n<div class=\"elementor-element elementor-element-72fb607 elementor-widget elementor-widget-heading\" style=\"text-align: left;\" data-id=\"72fb607\" data-element_type=\"widget\" data-settings=\"{&quot;avante_ext_is_scrollme&quot;:&quot;false&quot;,&quot;avante_ext_is_smoove&quot;:&quot;false&quot;,&quot;avante_ext_is_parallax_mouse&quot;:&quot;false&quot;,&quot;avante_ext_is_infinite&quot;:&quot;false&quot;}\" data-widget_type=\"heading.default\">\n<div class=\"elementor-widget-container\">\n<h3 class=\"elementor-heading-title elementor-size-default\"><span style=\"color: #c495ad;\">ARTICLE 3 : GESTION DU site<\/span><\/h3>\n<\/div>\n<\/div>\n<div class=\"elementor-element elementor-element-dcfcb7a elementor-widget elementor-widget-text-editor\" style=\"text-align: left;\" data-id=\"dcfcb7a\" data-element_type=\"widget\" data-settings=\"{&quot;avante_ext_is_scrollme&quot;:&quot;false&quot;,&quot;avante_ext_is_smoove&quot;:&quot;false&quot;,&quot;avante_ext_is_parallax_mouse&quot;:&quot;false&quot;,&quot;avante_ext_is_infinite&quot;:&quot;false&quot;}\" data-widget_type=\"text-editor.default\">\n<div class=\"elementor-widget-container\">\n<div class=\"elementor-text-editor elementor-clearfix\">\n<p><span style=\"font-weight: 400;\">Pour la bonne gestion du site, l\u2019\u00e9diteur pourra \u00e0 tout moment\u00a0:<\/span><\/p>\n<ul>\n<li style=\"font-weight: 400;\" aria-level=\"1\"><span style=\"font-weight: 400;\">suspendre, interrompre ou limiter l\u2019acc\u00e8s \u00e0 tout ou partie du site, r\u00e9server l\u2019acc\u00e8s au site, ou \u00e0 certaines parties du site, \u00e0 une cat\u00e9gorie d\u00e9termin\u00e9e d\u2019internautes\u00a0;<\/span><\/li>\n<li style=\"font-weight: 400;\" aria-level=\"1\"><span style=\"font-weight: 400;\">suspendre le site afin de proc\u00e9der \u00e0 des mises \u00e0 jour.<\/span><\/li>\n<\/ul>\n<\/div>\n<\/div>\n<\/div>\n<div class=\"elementor-element elementor-element-54558a4 elementor-widget elementor-widget-heading\" style=\"text-align: left;\" data-id=\"54558a4\" data-element_type=\"widget\" data-settings=\"{&quot;avante_ext_is_scrollme&quot;:&quot;false&quot;,&quot;avante_ext_is_smoove&quot;:&quot;false&quot;,&quot;avante_ext_is_parallax_mouse&quot;:&quot;false&quot;,&quot;avante_ext_is_infinite&quot;:&quot;false&quot;}\" data-widget_type=\"heading.default\">\n<div class=\"elementor-widget-container\">\n<h3 class=\"elementor-heading-title elementor-size-default\"><span style=\"color: #c495ad;\">ARTICLE 4 : RESPONSABILIT\u00e9S<\/span><\/h3>\n<\/div>\n<\/div>\n<div class=\"elementor-element elementor-element-488183d elementor-widget elementor-widget-text-editor\" style=\"text-align: left;\" data-id=\"488183d\" data-element_type=\"widget\" data-settings=\"{&quot;avante_ext_is_scrollme&quot;:&quot;false&quot;,&quot;avante_ext_is_smoove&quot;:&quot;false&quot;,&quot;avante_ext_is_parallax_mouse&quot;:&quot;false&quot;,&quot;avante_ext_is_infinite&quot;:&quot;false&quot;}\" data-widget_type=\"text-editor.default\">\n<div class=\"elementor-widget-container\">\n<div class=\"elementor-text-editor elementor-clearfix\">\n<p><span style=\"font-weight: 400;\">La responsabilit\u00e9 de l\u2019\u00e9diteur ne peut \u00eatre engag\u00e9e en cas de d\u00e9faillance, panne, difficult\u00e9 ou interruption de fonctionnement emp\u00eachant l\u2019acc\u00e8s au site ou \u00e0 une de ses fonctionnalit\u00e9s.<\/span><\/p>\n<p><span style=\"font-weight: 400;\">Le mat\u00e9riel de connexion au site que vous utilisez est sous votre enti\u00e8re responsabilit\u00e9. Vous devez prendre toutes les mesures appropri\u00e9es pour prot\u00e9ger votre mat\u00e9riel et vos propres donn\u00e9es notamment d\u2019attaques virales par Internet. Vous \u00eates par ailleurs seul responsable des sites et donn\u00e9es que vous consultez.<\/span><\/p>\n<\/div>\n<\/div>\n<\/div>\n<div class=\"elementor-element elementor-element-2a3b299 elementor-widget elementor-widget-heading\" style=\"text-align: left;\" data-id=\"2a3b299\" data-element_type=\"widget\" data-settings=\"{&quot;avante_ext_is_scrollme&quot;:&quot;false&quot;,&quot;avante_ext_is_smoove&quot;:&quot;false&quot;,&quot;avante_ext_is_parallax_mouse&quot;:&quot;false&quot;,&quot;avante_ext_is_infinite&quot;:&quot;false&quot;}\" data-widget_type=\"heading.default\">\n<div class=\"elementor-widget-container\">\n<h3 class=\"elementor-heading-title elementor-size-default\"><span style=\"color: #c495ad;\">ARTICLE 5 : COLLECTE ET PROTECTION DES DONN\u00c9ES<\/span><\/h3>\n<\/div>\n<\/div>\n<div class=\"elementor-element elementor-element-6d8e9e7 elementor-widget elementor-widget-text-editor\" style=\"text-align: left;\" data-id=\"6d8e9e7\" data-element_type=\"widget\" data-settings=\"{&quot;avante_ext_is_scrollme&quot;:&quot;false&quot;,&quot;avante_ext_is_smoove&quot;:&quot;false&quot;,&quot;avante_ext_is_parallax_mouse&quot;:&quot;false&quot;,&quot;avante_ext_is_infinite&quot;:&quot;false&quot;}\" data-widget_type=\"text-editor.default\">\n<div class=\"elementor-widget-container\">\n<div class=\"elementor-text-editor elementor-clearfix\">\n<p><span style=\"font-weight: 400;\">Il s\u2019agit d\u2019informations vous concernant en tant que personne physique que vous avez volontairement communiqu\u00e9es \u00e0 LFPC SASU via les diff\u00e9rents Canaux de Communication et qui sont indispensables au traitement de votre commande (telles que notamment vos nom, pr\u00e9nom, adresse \u00e9lectronique, num\u00e9ro de t\u00e9l\u00e9phone, adresse postale).\u00a0<\/span><\/p>\n<p><span style=\"font-weight: 400;\">Ces informations sont indispensables au traitement de vos commandes, celles-ci ne pourront malheureusement pas \u00eatre trait\u00e9es en l\u2019absence de ces informations.<\/span><\/p>\n<\/div>\n<\/div>\n<\/div>\n<div class=\"elementor-element elementor-element-fddf567 elementor-widget elementor-widget-heading\" style=\"text-align: left;\" data-id=\"fddf567\" data-element_type=\"widget\" data-settings=\"{&quot;avante_ext_is_scrollme&quot;:&quot;false&quot;,&quot;avante_ext_is_smoove&quot;:&quot;false&quot;,&quot;avante_ext_is_parallax_mouse&quot;:&quot;false&quot;,&quot;avante_ext_is_infinite&quot;:&quot;false&quot;}\" data-widget_type=\"heading.default\">\n<div class=\"elementor-widget-container\">\n<h3 class=\"elementor-heading-title elementor-size-default\"><span style=\"color: #c495ad;\">ARTICLE 6 : Droit d\u2019acc\u00e8s, de rectification et de d\u00e9r\u00e9f\u00e9rencement de vos donn\u00e9es<\/span><\/h3>\n<\/div>\n<\/div>\n<div class=\"elementor-element elementor-element-9d2a221 elementor-widget elementor-widget-text-editor\" data-id=\"9d2a221\" data-element_type=\"widget\" data-settings=\"{&quot;avante_ext_is_scrollme&quot;:&quot;false&quot;,&quot;avante_ext_is_smoove&quot;:&quot;false&quot;,&quot;avante_ext_is_parallax_mouse&quot;:&quot;false&quot;,&quot;avante_ext_is_infinite&quot;:&quot;false&quot;}\" data-widget_type=\"text-editor.default\">\n<div class=\"elementor-widget-container\" style=\"text-align: left;\">\n<div class=\"elementor-text-editor elementor-clearfix\">\n<p><span style=\"font-weight: 400;\">En application de la r\u00e9glementation applicable aux donn\u00e9es \u00e0 caract\u00e8re personnel, les utilisateurs disposent des droits suivants\u00a0:<\/span><\/p>\n<ul>\n<li style=\"font-weight: 400;\" aria-level=\"1\"><span style=\"font-weight: 400;\">Le droit d\u2019acc\u00e8s\u00a0: ils peuvent exercer leur droit d\u2019acc\u00e8s, pour conna\u00eetre les donn\u00e9es personnelles les concernant, en \u00e9crivant \u00e0\u00a0Lirisibijoux@outlook.fr\u00a0<\/span><\/li>\n<li style=\"font-weight: 400;\" aria-level=\"1\"><span style=\"font-weight: 400;\">Le droit de rectification\u00a0: si les donn\u00e9es \u00e0 caract\u00e8re personnel d\u00e9tenues par le site internet sont inexactes, ils peuvent demander la mise \u00e0 jour des informations<\/span><\/li>\n<li style=\"font-weight: 400;\" aria-level=\"1\"><span style=\"font-weight: 400;\">Le droit de suppression des donn\u00e9es\u00a0: les utilisateurs peuvent demander la suppression de leurs donn\u00e9es \u00e0 caract\u00e8re personnel, conform\u00e9ment aux lois applicables en mati\u00e8re de protection des donn\u00e9es<\/span><\/li>\n<li style=\"font-weight: 400;\" aria-level=\"1\"><span style=\"font-weight: 400;\">Le droit \u00e0 la limitation du traitement\u00a0: les utilisateurs peuvent demander au site internet de limiter le traitement des donn\u00e9es personnelles conform\u00e9ment aux hypoth\u00e8ses pr\u00e9vues par le RGPD<\/span><\/li>\n<li style=\"font-weight: 400;\" aria-level=\"1\"><span style=\"font-weight: 400;\">Le droit de s\u2019opposer au traitement des donn\u00e9es\u00a0: les utilisateurs peuvent s\u2019opposer \u00e0 ce que ses donn\u00e9es soient trait\u00e9es conform\u00e9ment aux hypoth\u00e8ses pr\u00e9vues par le RGPD<\/span><\/li>\n<\/ul>\n<p><span style=\"font-weight: 400;\">Vous pouvez exercer ce droit en nous contactant, \u00e0 l\u2019adresse suivante\u00a0:<\/span><\/p>\n<p><span style=\"font-weight: 400;\">LFPC SASU 10, rue des Bonnetiers 60200 COMPIEGNE, ou par e-mail <\/span><a href=\"mailto:contact@lesfeespapillons-mineraux.com\"><span style=\"font-weight: 400;\">contact@lesfeespapillons-mineraux.com<\/span><\/a><\/p>\n<p><span style=\"font-weight: 400;\">En accompagnant votre demande d\u2019une photocopie d\u2019un titre d\u2019identit\u00e9 portant votre signature et pr\u00e9ciser l\u2019adresse \u00e0 laquelle doit vous parvenir la r\u00e9ponse. Une r\u00e9ponse vous sera alors adress\u00e9e dans un d\u00e9lai de 2 mois suivant la r\u00e9ception de la demande.<\/span><\/p>\n<\/div>\n<h3 class=\"elementor-heading-title elementor-size-default\"><strong><span style=\"color: #c495ad;\">ARTICLE 7 : UTILISATION DE COOKIES<\/span><\/strong><\/h3>\n<\/div>\n<p style=\"text-align: left;\"><span style=\"font-weight: 400;\">Lors de vos navigations sur le site internet de LFPC SASU des cookies temporaires peuvent \u00eatre enregistr\u00e9s sur votre ordinateur.<\/span><\/p>\n<p style=\"text-align: left;\"><span style=\"font-weight: 400;\">Un cookie permet d\u2019enregistrer des informations relatives \u00e0 votre navigation sur notre site internet, notamment\u00a0:<\/span><\/p>\n<ul style=\"text-align: left;\">\n<li style=\"font-weight: 400;\" aria-level=\"1\"><span style=\"font-weight: 400;\">le type de navigateur Internet que vous utilisez<\/span><\/li>\n<li style=\"font-weight: 400;\" aria-level=\"1\"><span style=\"font-weight: 400;\">le nom de domaine de votre fournisseur d\u2019acc\u00e8s<\/span><\/li>\n<li style=\"font-weight: 400;\" aria-level=\"1\"><span style=\"font-weight: 400;\">la page Internet dont vous provenez<\/span><\/li>\n<\/ul>\n<p style=\"text-align: left;\"><span style=\"font-weight: 400;\">Lors de la premi\u00e8re navigation sur notre site, une banni\u00e8re explicative sur l\u2019utilisation des \u00ab\u00a0cookies\u00a0\u00bb apparaitra. D\u00e8s lors, en poursuivant la navigation, le client sera r\u00e9put\u00e9 inform\u00e9 et avoir accept\u00e9 l\u2019utilisation desdits \u00ab\u00a0cookies\u00a0\u00bb. Le consentement donn\u00e9 sera valable pour une p\u00e9riode de treize mois. L\u2019utilisateur a la possibilit\u00e9 de d\u00e9sactiver les cookies \u00e0 partir des param\u00e8tres de son navigateur.<\/span><\/p>\n<p style=\"text-align: left;\"><span style=\"font-weight: 400;\">Les cookies ne g\u00e9n\u00e8rent ni ne transmettent de virus informatiques susceptibles d\u2019infecter votre appareil, ils ne sont lisibles et reconnaissables que par leur \u00e9metteur.<\/span><\/p>\n<\/div>\n<\/div>\n<p><\/p>\t\t\t\t\t\t\t\t<\/div>\n\t\t\t\t<\/div>\n\t\t\t\t\t<\/div>\n\t\t<\/div>\n\t\t\t\t\t<\/div>\n\t\t<\/section>\n\t\t\t\t<\/div>\n\t\t","protected":false},"excerpt":{"rendered":"<p>Mentions l\u00e9gales La soci\u00e9t\u00e9 LFPC SASU, Nicolas RIGOLLE, soucieuse des droits des individus, notamment\u00a0au regard des traitements automatis\u00e9s, et dans une volont\u00e9 de transparence avec ses clients, a\u00a0mis en place une politique reprenant l\u2019ensemble de ces traitements, des finalit\u00e9s poursuivies\u00a0par ces derniers ainsi que des moyens d\u2019actions \u00e0 la disposition des individus afin qu\u2019ils\u00a0puissent au [&hellip;]<\/p>\n","protected":false},"author":1,"featured_media":0,"parent":0,"menu_order":0,"comment_status":"closed","ping_status":"open","template":"","meta":{"footnotes":""},"class_list":["post-3","page","type-page","status-publish","hentry"],"jetpack_sharing_enabled":true,"_links":{"self":[{"href":"https:\/\/lesfeespapillons-mineraux.com\/index.php\/wp-json\/wp\/v2\/pages\/3","targetHints":{"allow":["GET"]}}],"collection":[{"href":"https:\/\/lesfeespapillons-mineraux.com\/index.php\/wp-json\/wp\/v2\/pages"}],"about":[{"href":"https:\/\/lesfeespapillons-mineraux.com\/index.php\/wp-json\/wp\/v2\/types\/page"}],"author":[{"embeddable":true,"href":"https:\/\/lesfeespapillons-mineraux.com\/index.php\/wp-json\/wp\/v2\/users\/1"}],"replies":[{"embeddable":true,"href":"https:\/\/lesfeespapillons-mineraux.com\/index.php\/wp-json\/wp\/v2\/comments?post=3"}],"version-history":[{"count":0,"href":"https:\/\/lesfeespapillons-mineraux.com\/index.php\/wp-json\/wp\/v2\/pages\/3\/revisions"}],"wp:attachment":[{"href":"https:\/\/lesfeespapillons-mineraux.com\/index.php\/wp-json\/wp\/v2\/media?parent=3"}],"curies":[{"name":"wp","href":"https:\/\/api.w.org\/{rel}","templated":true}]}}