{"id":18580,"date":"2024-12-17T11:58:40","date_gmt":"2024-12-17T10:58:40","guid":{"rendered":"https:\/\/lesfeespapillons-mineraux.com\/?page_id=18580"},"modified":"2024-12-18T13:27:16","modified_gmt":"2024-12-18T12:27:16","slug":"home","status":"publish","type":"page","link":"https:\/\/lesfeespapillons-mineraux.com\/","title":{"rendered":"HOME"},"content":{"rendered":"\t\t<div data-elementor-type=\"wp-page\" data-elementor-id=\"18580\" class=\"elementor elementor-18580\">\n\t\t\t\t\t\t<section class=\"elementor-section elementor-top-section elementor-element elementor-element-e2b38b4 elementor-section-full_width elementor-section-content-middle elementor-section-stretched elementor-section-height-default elementor-section-height-default\" data-id=\"e2b38b4\" data-element_type=\"section\" id=\"home-triptique\" data-settings=\"{&quot;background_background&quot;:&quot;classic&quot;,&quot;stretch_section&quot;:&quot;section-stretched&quot;}\">\n\t\t\t\t\t\t<div class=\"elementor-container elementor-column-gap-custom\">\n\t\t\t\t\t<div class=\"elementor-column elementor-col-33 elementor-top-column elementor-element elementor-element-29f683f elementor-invisible\" data-id=\"29f683f\" data-element_type=\"column\" data-settings=\"{&quot;animation&quot;:&quot;fadeInLeft&quot;,&quot;animation_delay&quot;:400}\">\n\t\t\t<div class=\"elementor-widget-wrap elementor-element-populated\">\n\t\t\t\t\t\t<div class=\"elementor-element elementor-element-200dfbd elementor-widget elementor-widget-image\" data-id=\"200dfbd\" data-element_type=\"widget\" data-widget_type=\"image.default\">\n\t\t\t\t<div class=\"elementor-widget-container\">\n\t\t\t\t\t\t\t\t\t\t\t\t\t\t\t<img fetchpriority=\"high\" decoding=\"async\" width=\"684\" height=\"1024\" src=\"https:\/\/i0.wp.com\/lesfeespapillons-mineraux.com\/wp-content\/uploads\/2024\/12\/presntoir-bijoux-mineraux-fees-papillons-scaled.jpg?fit=684%2C1024&amp;ssl=1\" class=\"attachment-large size-large wp-image-18596\" alt=\"\" srcset=\"https:\/\/i0.wp.com\/lesfeespapillons-mineraux.com\/wp-content\/uploads\/2024\/12\/presntoir-bijoux-mineraux-fees-papillons-scaled.jpg?w=1710&amp;ssl=1 1710w, https:\/\/i0.wp.com\/lesfeespapillons-mineraux.com\/wp-content\/uploads\/2024\/12\/presntoir-bijoux-mineraux-fees-papillons-scaled.jpg?resize=401%2C600&amp;ssl=1 401w, https:\/\/i0.wp.com\/lesfeespapillons-mineraux.com\/wp-content\/uploads\/2024\/12\/presntoir-bijoux-mineraux-fees-papillons-scaled.jpg?resize=684%2C1024&amp;ssl=1 684w, https:\/\/i0.wp.com\/lesfeespapillons-mineraux.com\/wp-content\/uploads\/2024\/12\/presntoir-bijoux-mineraux-fees-papillons-scaled.jpg?resize=768%2C1150&amp;ssl=1 768w, https:\/\/i0.wp.com\/lesfeespapillons-mineraux.com\/wp-content\/uploads\/2024\/12\/presntoir-bijoux-mineraux-fees-papillons-scaled.jpg?resize=1026%2C1536&amp;ssl=1 1026w, https:\/\/i0.wp.com\/lesfeespapillons-mineraux.com\/wp-content\/uploads\/2024\/12\/presntoir-bijoux-mineraux-fees-papillons-scaled.jpg?resize=1368%2C2048&amp;ssl=1 1368w, https:\/\/i0.wp.com\/lesfeespapillons-mineraux.com\/wp-content\/uploads\/2024\/12\/presntoir-bijoux-mineraux-fees-papillons-scaled.jpg?resize=600%2C898&amp;ssl=1 600w\" sizes=\"(max-width: 684px) 100vw, 684px\" \/>\t\t\t\t\t\t\t\t\t\t\t\t\t\t\t<\/div>\n\t\t\t\t<\/div>\n\t\t\t\t\t<\/div>\n\t\t<\/div>\n\t\t\t\t<div class=\"elementor-column elementor-col-33 elementor-top-column elementor-element elementor-element-d63bfbb col-center animated-slow elementor-invisible\" data-id=\"d63bfbb\" data-element_type=\"column\" data-settings=\"{&quot;animation&quot;:&quot;fadeIn&quot;,&quot;animation_delay&quot;:200}\">\n\t\t\t<div class=\"elementor-widget-wrap elementor-element-populated\">\n\t\t\t\t\t\t<div class=\"elementor-element elementor-element-cc4a447 elementor-widget elementor-widget-image\" data-id=\"cc4a447\" data-element_type=\"widget\" data-settings=\"{&quot;_animation&quot;:&quot;none&quot;,&quot;_animation_delay&quot;:300}\" data-widget_type=\"image.default\">\n\t\t\t\t<div class=\"elementor-widget-container\">\n\t\t\t\t\t\t\t\t\t\t\t\t\t\t\t<img decoding=\"async\" width=\"683\" height=\"1024\" src=\"https:\/\/i0.wp.com\/lesfeespapillons-mineraux.com\/wp-content\/uploads\/2024\/12\/boutique-fees-papillons-compiegne-scaled.jpg?fit=683%2C1024&amp;ssl=1\" class=\"attachment-large size-large wp-image-18699\" alt=\"\" srcset=\"https:\/\/i0.wp.com\/lesfeespapillons-mineraux.com\/wp-content\/uploads\/2024\/12\/boutique-fees-papillons-compiegne-scaled.jpg?w=1707&amp;ssl=1 1707w, https:\/\/i0.wp.com\/lesfeespapillons-mineraux.com\/wp-content\/uploads\/2024\/12\/boutique-fees-papillons-compiegne-scaled.jpg?resize=400%2C600&amp;ssl=1 400w, https:\/\/i0.wp.com\/lesfeespapillons-mineraux.com\/wp-content\/uploads\/2024\/12\/boutique-fees-papillons-compiegne-scaled.jpg?resize=683%2C1024&amp;ssl=1 683w, https:\/\/i0.wp.com\/lesfeespapillons-mineraux.com\/wp-content\/uploads\/2024\/12\/boutique-fees-papillons-compiegne-scaled.jpg?resize=768%2C1152&amp;ssl=1 768w, https:\/\/i0.wp.com\/lesfeespapillons-mineraux.com\/wp-content\/uploads\/2024\/12\/boutique-fees-papillons-compiegne-scaled.jpg?resize=1024%2C1536&amp;ssl=1 1024w, https:\/\/i0.wp.com\/lesfeespapillons-mineraux.com\/wp-content\/uploads\/2024\/12\/boutique-fees-papillons-compiegne-scaled.jpg?resize=1365%2C2048&amp;ssl=1 1365w, https:\/\/i0.wp.com\/lesfeespapillons-mineraux.com\/wp-content\/uploads\/2024\/12\/boutique-fees-papillons-compiegne-scaled.jpg?resize=600%2C900&amp;ssl=1 600w\" sizes=\"(max-width: 683px) 100vw, 683px\" \/>\t\t\t\t\t\t\t\t\t\t\t\t\t\t\t<\/div>\n\t\t\t\t<\/div>\n\t\t\t\t\t<\/div>\n\t\t<\/div>\n\t\t\t\t<div class=\"elementor-column elementor-col-33 elementor-top-column elementor-element elementor-element-a88ea6c elementor-invisible\" data-id=\"a88ea6c\" data-element_type=\"column\" data-settings=\"{&quot;animation&quot;:&quot;fadeInRight&quot;,&quot;animation_delay&quot;:400}\">\n\t\t\t<div class=\"elementor-widget-wrap elementor-element-populated\">\n\t\t\t\t\t\t<div class=\"elementor-element elementor-element-a14543c elementor-widget elementor-widget-image\" data-id=\"a14543c\" data-element_type=\"widget\" data-settings=\"{&quot;_animation&quot;:&quot;none&quot;,&quot;_animation_delay&quot;:20}\" data-widget_type=\"image.default\">\n\t\t\t\t<div class=\"elementor-widget-container\">\n\t\t\t\t\t\t\t\t\t\t\t\t\t\t\t<img decoding=\"async\" width=\"684\" height=\"1024\" src=\"https:\/\/i0.wp.com\/lesfeespapillons-mineraux.com\/wp-content\/uploads\/2024\/12\/gong-fees-papillons-scaled.jpg?fit=684%2C1024&amp;ssl=1\" class=\"attachment-large size-large wp-image-18595\" alt=\"\" srcset=\"https:\/\/i0.wp.com\/lesfeespapillons-mineraux.com\/wp-content\/uploads\/2024\/12\/gong-fees-papillons-scaled.jpg?w=1710&amp;ssl=1 1710w, https:\/\/i0.wp.com\/lesfeespapillons-mineraux.com\/wp-content\/uploads\/2024\/12\/gong-fees-papillons-scaled.jpg?resize=401%2C600&amp;ssl=1 401w, https:\/\/i0.wp.com\/lesfeespapillons-mineraux.com\/wp-content\/uploads\/2024\/12\/gong-fees-papillons-scaled.jpg?resize=684%2C1024&amp;ssl=1 684w, https:\/\/i0.wp.com\/lesfeespapillons-mineraux.com\/wp-content\/uploads\/2024\/12\/gong-fees-papillons-scaled.jpg?resize=768%2C1150&amp;ssl=1 768w, https:\/\/i0.wp.com\/lesfeespapillons-mineraux.com\/wp-content\/uploads\/2024\/12\/gong-fees-papillons-scaled.jpg?resize=1026%2C1536&amp;ssl=1 1026w, https:\/\/i0.wp.com\/lesfeespapillons-mineraux.com\/wp-content\/uploads\/2024\/12\/gong-fees-papillons-scaled.jpg?resize=1368%2C2048&amp;ssl=1 1368w, https:\/\/i0.wp.com\/lesfeespapillons-mineraux.com\/wp-content\/uploads\/2024\/12\/gong-fees-papillons-scaled.jpg?resize=600%2C898&amp;ssl=1 600w\" sizes=\"(max-width: 684px) 100vw, 684px\" \/>\t\t\t\t\t\t\t\t\t\t\t\t\t\t\t<\/div>\n\t\t\t\t<\/div>\n\t\t\t\t\t<\/div>\n\t\t<\/div>\n\t\t\t\t\t<\/div>\n\t\t<\/section>\n\t\t\t\t<section class=\"elementor-section elementor-top-section elementor-element elementor-element-207f982 elementor-section-full_width elementor-section-height-default elementor-section-height-default\" data-id=\"207f982\" data-element_type=\"section\" data-settings=\"{&quot;background_background&quot;:&quot;classic&quot;}\">\n\t\t\t\t\t\t<div class=\"elementor-container elementor-column-gap-default\">\n\t\t\t\t\t<div class=\"elementor-column elementor-col-100 elementor-top-column elementor-element elementor-element-f46f8a0\" data-id=\"f46f8a0\" data-element_type=\"column\">\n\t\t\t<div class=\"elementor-widget-wrap elementor-element-populated\">\n\t\t\t\t\t\t<div class=\"elementor-element elementor-element-8844232 elementor-widget elementor-widget-ascella_core_section_title\" data-id=\"8844232\" data-element_type=\"widget\" data-widget_type=\"ascella_core_section_title.default\">\n\t\t\t\t<div class=\"elementor-widget-container\">\n\t\t\t\t\t<div class=\"qodef-shortcode qodef-m  qodef-section-title qodef-alignment--center  qodef--has-appear\">\n\t\t<h2 class=\"qodef-m-title\" >\n\t\t\t\t\tLes F\u00e9es Papillons\t\t\t<\/h2>\n\t<\/div>\n\t\t\t\t<\/div>\n\t\t\t\t<\/div>\n\t\t\t\t<div class=\"elementor-element elementor-element-a809e01 elementor-widget__width-initial elementor-invisible elementor-widget elementor-widget-text-editor\" data-id=\"a809e01\" data-element_type=\"widget\" data-settings=\"{&quot;_animation&quot;:&quot;fadeIn&quot;}\" data-widget_type=\"text-editor.default\">\n\t\t\t\t<div class=\"elementor-widget-container\">\n\t\t\t\t\t\t\t\t\t<p style=\"text-align: left;\">Nous vous invitons \u00e0 d\u00e9couvrir notre univers o\u00f9 se rencontrent la beaut\u00e9 des bijoux artisanaux et la magie des min\u00e9raux naturels. Install\u00e9s au c\u0153ur de Compi\u00e8gne, nous vous proposons <strong>plus de 100 000 r\u00e9f\u00e9rences<\/strong> uniques : des pi\u00e8ces rares, s\u00e9lectionn\u00e9es avec soin, et toujours de la plus <strong>haute qualit\u00e9<\/strong>.<\/p><p style=\"text-align: left;\">Que vous soyez collectionneur, passionn\u00e9 de lithoth\u00e9rapie ou simplement en qu\u00eate de belles d\u00e9couvertes, nous esp\u00e9rons que vous trouverez ici de quoi vous \u00e9merveiller.<\/p>\t\t\t\t\t\t\t\t<\/div>\n\t\t\t\t<\/div>\n\t\t\t\t\t<\/div>\n\t\t<\/div>\n\t\t\t\t\t<\/div>\n\t\t<\/section>\n\t\t\t\t<section class=\"elementor-section elementor-top-section elementor-element elementor-element-992ae64 elementor-section-full_width qodef-elementor-content-grid elementor-section-height-default elementor-section-height-default\" data-id=\"992ae64\" data-element_type=\"section\">\n\t\t\t\t\t\t<div class=\"elementor-container elementor-column-gap-default\">\n\t\t\t\t\t<div class=\"elementor-column elementor-col-100 elementor-top-column elementor-element elementor-element-6752450\" data-id=\"6752450\" data-element_type=\"column\" id=\"home-category-section\">\n\t\t\t<div class=\"elementor-widget-wrap elementor-element-populated\">\n\t\t\t\t\t\t<div class=\"elementor-element elementor-element-59bb486 elementor-widget__width-inherit elementor-widget elementor-widget-ascella_core_product_category_list\" data-id=\"59bb486\" data-element_type=\"widget\" data-settings=\"{&quot;_animation&quot;:&quot;none&quot;}\" data-widget_type=\"ascella_core_product_category_list.default\">\n\t\t\t\t<div class=\"elementor-widget-container\">\n\t\t\t\t\t<div class=\"qodef-shortcode qodef-m  qodef-woo-shortcode qodef-woo-product-category-list qodef-item-layout--info-on-image qodef-content-align--center qodef-skin--light qodef--zigzag   qodef-grid qodef-layout--columns  qodef-gutter--normal qodef-vertical-gutter--tiny qodef-col-num--4 qodef-item-layout--info-on-image qodef-responsive--predefined\">\n\t<div class=\"qodef-grid-inner\">\n\t\t<div class=\"qodef-e qodef--has-appear qodef-grid-item qodef-item--full product-category product first\">\n\t<div class=\"qodef-e-inner\">\n\t\t<img loading=\"lazy\" decoding=\"async\" width=\"652\" height=\"1300\" src=\"https:\/\/i0.wp.com\/lesfeespapillons-mineraux.com\/wp-content\/uploads\/2023\/11\/cat-bijoux.jpg?fit=652%2C1300&amp;ssl=1\" class=\"attachment-full size-full\" alt=\"\" srcset=\"https:\/\/i0.wp.com\/lesfeespapillons-mineraux.com\/wp-content\/uploads\/2023\/11\/cat-bijoux.jpg?w=652&amp;ssl=1 652w, https:\/\/i0.wp.com\/lesfeespapillons-mineraux.com\/wp-content\/uploads\/2023\/11\/cat-bijoux.jpg?resize=301%2C600&amp;ssl=1 301w, https:\/\/i0.wp.com\/lesfeespapillons-mineraux.com\/wp-content\/uploads\/2023\/11\/cat-bijoux.jpg?resize=514%2C1024&amp;ssl=1 514w, https:\/\/i0.wp.com\/lesfeespapillons-mineraux.com\/wp-content\/uploads\/2023\/11\/cat-bijoux.jpg?resize=600%2C1196&amp;ssl=1 600w\" sizes=\"(max-width: 652px) 100vw, 652px\" \/>\t\t<div class=\"qodef-e-content\">\n\t\t\t<h2 class=\"woocommerce-loop-category__title\" style=\"text-transform: lowercase\">\n\t<a href=\"https:\/\/lesfeespapillons-mineraux.com\/index.php\/product-category\/bijoux\/bijoux-pierres-naturelles\/\">\n\t\tbijoux pierres naturelles\t<\/a>\n<\/h2>\n\t\t\t<div class=\"qodef-e-read-more\">\n\t<a class=\"qodef-shortcode qodef-m  qodef-button qodef-layout--textual  qodef-html--link\" href=\"https:\/\/lesfeespapillons-mineraux.com\/index.php\/product-category\/bijoux\/bijoux-pierres-naturelles\/\" target=\"_self\"  >\t<span class=\"qodef-m-text\">Trouver Plus De<\/span><\/a><\/div>\n\t\t<\/div>\n\t\t<a itemprop=\"url\" class=\"qodef-e-category-link\" href=\"https:\/\/lesfeespapillons-mineraux.com\/\"><\/a>\n\t\t\t<\/div>\n<\/div>\n<div class=\"qodef-e qodef--has-appear qodef-grid-item qodef-item--full product-category product\">\n\t<div class=\"qodef-e-inner\">\n\t\t<img loading=\"lazy\" decoding=\"async\" width=\"652\" height=\"1300\" src=\"https:\/\/i0.wp.com\/lesfeespapillons-mineraux.com\/wp-content\/uploads\/2024\/12\/category-argent-1.jpg?fit=652%2C1300&amp;ssl=1\" class=\"attachment-full size-full\" alt=\"\" srcset=\"https:\/\/i0.wp.com\/lesfeespapillons-mineraux.com\/wp-content\/uploads\/2024\/12\/category-argent-1.jpg?w=652&amp;ssl=1 652w, https:\/\/i0.wp.com\/lesfeespapillons-mineraux.com\/wp-content\/uploads\/2024\/12\/category-argent-1.jpg?resize=301%2C600&amp;ssl=1 301w, https:\/\/i0.wp.com\/lesfeespapillons-mineraux.com\/wp-content\/uploads\/2024\/12\/category-argent-1.jpg?resize=514%2C1024&amp;ssl=1 514w, https:\/\/i0.wp.com\/lesfeespapillons-mineraux.com\/wp-content\/uploads\/2024\/12\/category-argent-1.jpg?resize=600%2C1196&amp;ssl=1 600w\" sizes=\"(max-width: 652px) 100vw, 652px\" \/>\t\t<div class=\"qodef-e-content\">\n\t\t\t<h2 class=\"woocommerce-loop-category__title\" style=\"text-transform: lowercase\">\n\t<a href=\"https:\/\/lesfeespapillons-mineraux.com\/index.php\/product-category\/bijoux\/bijoux-argent\/\">\n\t\tbijoux argent\t<\/a>\n<\/h2>\n\t\t\t<div class=\"qodef-e-read-more\">\n\t<a class=\"qodef-shortcode qodef-m  qodef-button qodef-layout--textual  qodef-html--link\" href=\"https:\/\/lesfeespapillons-mineraux.com\/index.php\/product-category\/bijoux\/bijoux-argent\/\" target=\"_self\"  >\t<span class=\"qodef-m-text\">Trouver Plus De<\/span><\/a><\/div>\n\t\t<\/div>\n\t\t<a itemprop=\"url\" class=\"qodef-e-category-link\" href=\"https:\/\/lesfeespapillons-mineraux.com\/\"><\/a>\n\t\t\t<\/div>\n<\/div>\n<div class=\"qodef-e qodef--has-appear qodef-grid-item qodef-item--full product-category product last\">\n\t<div class=\"qodef-e-inner\">\n\t\t<img loading=\"lazy\" decoding=\"async\" width=\"650\" height=\"1300\" src=\"https:\/\/i0.wp.com\/lesfeespapillons-mineraux.com\/wp-content\/uploads\/2023\/11\/cat-mineraux.jpg?fit=650%2C1300&amp;ssl=1\" class=\"attachment-full size-full\" alt=\"\" srcset=\"https:\/\/i0.wp.com\/lesfeespapillons-mineraux.com\/wp-content\/uploads\/2023\/11\/cat-mineraux.jpg?w=650&amp;ssl=1 650w, https:\/\/i0.wp.com\/lesfeespapillons-mineraux.com\/wp-content\/uploads\/2023\/11\/cat-mineraux.jpg?resize=300%2C600&amp;ssl=1 300w, https:\/\/i0.wp.com\/lesfeespapillons-mineraux.com\/wp-content\/uploads\/2023\/11\/cat-mineraux.jpg?resize=512%2C1024&amp;ssl=1 512w, https:\/\/i0.wp.com\/lesfeespapillons-mineraux.com\/wp-content\/uploads\/2023\/11\/cat-mineraux.jpg?resize=600%2C1200&amp;ssl=1 600w\" sizes=\"(max-width: 650px) 100vw, 650px\" \/>\t\t<div class=\"qodef-e-content\">\n\t\t\t<h2 class=\"woocommerce-loop-category__title\" style=\"text-transform: lowercase\">\n\t<a href=\"https:\/\/lesfeespapillons-mineraux.com\/index.php\/product-category\/mineraux\/\">\n\t\tmin\u00e9raux\t<\/a>\n<\/h2>\n\t\t\t<div class=\"qodef-e-read-more\">\n\t<a class=\"qodef-shortcode qodef-m  qodef-button qodef-layout--textual  qodef-html--link\" href=\"https:\/\/lesfeespapillons-mineraux.com\/index.php\/product-category\/mineraux\/\" target=\"_self\"  >\t<span class=\"qodef-m-text\">Trouver Plus De<\/span><\/a><\/div>\n\t\t<\/div>\n\t\t<a itemprop=\"url\" class=\"qodef-e-category-link\" href=\"https:\/\/lesfeespapillons-mineraux.com\/\"><\/a>\n\t\t\t<\/div>\n<\/div>\n<div class=\"qodef-e qodef--has-appear qodef-grid-item qodef-item--full product-category product first\">\n\t<div class=\"qodef-e-inner\">\n\t\t<img loading=\"lazy\" decoding=\"async\" width=\"652\" height=\"1300\" src=\"https:\/\/i0.wp.com\/lesfeespapillons-mineraux.com\/wp-content\/uploads\/2024\/12\/gong-category.jpg?fit=652%2C1300&amp;ssl=1\" class=\"attachment-full size-full\" alt=\"\" srcset=\"https:\/\/i0.wp.com\/lesfeespapillons-mineraux.com\/wp-content\/uploads\/2024\/12\/gong-category.jpg?w=652&amp;ssl=1 652w, https:\/\/i0.wp.com\/lesfeespapillons-mineraux.com\/wp-content\/uploads\/2024\/12\/gong-category.jpg?resize=301%2C600&amp;ssl=1 301w, https:\/\/i0.wp.com\/lesfeespapillons-mineraux.com\/wp-content\/uploads\/2024\/12\/gong-category.jpg?resize=514%2C1024&amp;ssl=1 514w, https:\/\/i0.wp.com\/lesfeespapillons-mineraux.com\/wp-content\/uploads\/2024\/12\/gong-category.jpg?resize=600%2C1196&amp;ssl=1 600w\" sizes=\"(max-width: 652px) 100vw, 652px\" \/>\t\t<div class=\"qodef-e-content\">\n\t\t\t<h2 class=\"woocommerce-loop-category__title\" style=\"text-transform: lowercase\">\n\t<a href=\"https:\/\/lesfeespapillons-mineraux.com\/index.php\/product-category\/deco\/\">\n\t\td\u00e9coration &amp; accessoires\t<\/a>\n<\/h2>\n\t\t\t<div class=\"qodef-e-read-more\">\n\t<a class=\"qodef-shortcode qodef-m  qodef-button qodef-layout--textual  qodef-html--link\" href=\"https:\/\/lesfeespapillons-mineraux.com\/index.php\/product-category\/deco\/\" target=\"_self\"  >\t<span class=\"qodef-m-text\">Trouver Plus De<\/span><\/a><\/div>\n\t\t<\/div>\n\t\t<a itemprop=\"url\" class=\"qodef-e-category-link\" href=\"https:\/\/lesfeespapillons-mineraux.com\/\"><\/a>\n\t\t\t<\/div>\n<\/div>\n\t<\/div>\n<\/div>\n\t\t\t\t<\/div>\n\t\t\t\t<\/div>\n\t\t\t\t\t<\/div>\n\t\t<\/div>\n\t\t\t\t\t<\/div>\n\t\t<\/section>\n\t\t\t\t<section class=\"elementor-section elementor-top-section elementor-element elementor-element-22234ea elementor-section-full_width elementor-section-stretched elementor-section-height-default elementor-section-height-default\" data-id=\"22234ea\" data-element_type=\"section\" data-settings=\"{&quot;background_background&quot;:&quot;classic&quot;,&quot;stretch_section&quot;:&quot;section-stretched&quot;}\">\n\t\t\t\t\t\t<div class=\"elementor-container elementor-column-gap-default\">\n\t\t\t\t\t<div class=\"elementor-column elementor-col-100 elementor-top-column elementor-element elementor-element-cbf61c7\" data-id=\"cbf61c7\" data-element_type=\"column\">\n\t\t\t<div class=\"elementor-widget-wrap elementor-element-populated\">\n\t\t\t\t\t\t<div class=\"elementor-element elementor-element-27e2313 elementor-widget elementor-widget-ascella_core_section_title\" data-id=\"27e2313\" data-element_type=\"widget\" data-widget_type=\"ascella_core_section_title.default\">\n\t\t\t\t<div class=\"elementor-widget-container\">\n\t\t\t\t\t<div class=\"qodef-shortcode qodef-m  qodef-section-title qodef-alignment--center  qodef--has-appear\">\n\t\t<h2 class=\"qodef-m-title\" style=\"color: #FFFFFF\">\n\t\t\t\t\tNotre boutique\t\t\t<\/h2>\n\t<\/div>\n\t\t\t\t<\/div>\n\t\t\t\t<\/div>\n\t\t\t\t<div class=\"elementor-element elementor-element-313f3db elementor-widget__width-initial elementor-invisible elementor-widget elementor-widget-text-editor\" data-id=\"313f3db\" data-element_type=\"widget\" data-settings=\"{&quot;_animation&quot;:&quot;fadeIn&quot;}\" data-widget_type=\"text-editor.default\">\n\t\t\t\t<div class=\"elementor-widget-container\">\n\t\t\t\t\t\t\t\t\t<p style=\"text-align: left;\"><span style=\"color: #ffffff;\">Depuis 8 ans, notre boutique artisanale de Compi\u00e8gne est le reflet de notre passion pour les min\u00e9raux et l\u2019artisanat. Nous parcourons le monde \u2013 des grandes foires aux min\u00e9raux d\u2019Europe et d\u2019Am\u00e9rique \u00e0 nos voyages au Br\u00e9sil, en Inde ou \u00e0 Madagascar \u2013 pour d\u00e9nicher des pierres d\u2019exception et vous proposer des <strong>pi\u00e8ces uniques de qualit\u00e9<\/strong>.<\/span><\/p><p class=\"p1\" style=\"text-align: left;\"><span style=\"color: #ffffff;\">Dans notre atelier, nous cr\u00e9ons des bijoux depuis plus de 15 ans, en associant des perles de pierres naturelles soigneusement s\u00e9lectionn\u00e9es \u00e0 de l\u2019argent 925 ou du plaqu\u00e9 or.<\/span><\/p><p style=\"text-align: left;\"><span style=\"color: #ffffff;\"><span style=\"font-family: var( --e-global-typography-text-font-family ), Sans-serif; font-weight: var( --e-global-typography-text-font-weight ); text-align: center;\">Derri\u00e8re cette boutique en ligne, c\u2019est une <\/span><strong style=\"font-family: var( --e-global-typography-text-font-family ), Sans-serif; text-align: center;\">v\u00e9ritable boutique artisanale<\/strong><span style=\"font-family: var( --e-global-typography-text-font-family ), Sans-serif; font-weight: var( --e-global-typography-text-font-weight ); text-align: center;\"> qui vous ouvre ses portes, avec plus de <\/span><strong style=\"font-family: var( --e-global-typography-text-font-family ), Sans-serif; text-align: center;\">20 000 r\u00e9f\u00e9rences uniques<\/strong><span style=\"font-family: var( --e-global-typography-text-font-family ), Sans-serif; font-weight: var( --e-global-typography-text-font-weight ); text-align: center;\">, enrichies r\u00e9guli\u00e8rement gr\u00e2ce \u00e0 nos d\u00e9couvertes. Laissez-vous s\u00e9duire par des tr\u00e9sors authentiques et d\u2019une qualit\u00e9 incomparable.<\/span><\/span><\/p>\t\t\t\t\t\t\t\t<\/div>\n\t\t\t\t<\/div>\n\t\t\t\t<div class=\"elementor-element elementor-element-6311132 elementor-widget__width-initial elementor-widget elementor-widget-video\" data-id=\"6311132\" data-element_type=\"widget\" data-settings=\"{&quot;video_type&quot;:&quot;vimeo&quot;,&quot;autoplay&quot;:&quot;yes&quot;,&quot;play_on_mobile&quot;:&quot;yes&quot;,&quot;mute&quot;:&quot;yes&quot;,&quot;loop&quot;:&quot;yes&quot;,&quot;yt_privacy&quot;:&quot;yes&quot;}\" data-widget_type=\"video.default\">\n\t\t\t\t<div class=\"elementor-widget-container\">\n\t\t\t\t\t\t\t<div class=\"elementor-wrapper elementor-open-inline\">\n\t\t\t<iframe class=\"elementor-video-iframe\" allowfullscreen allow=\"autoplay\" title=\"Lecteur vid\u00e9o vimeo\" src=\"https:\/\/player.vimeo.com\/video\/1039944078?autoplay=1&amp;playsinline=1&amp;color&amp;autopause=0&amp;dnt=true&amp;loop=1&amp;muted=1&amp;title=0&amp;portrait=0&amp;byline=0#t=\"><\/iframe>\t\t<\/div>\n\t\t\t\t\t\t<\/div>\n\t\t\t\t<\/div>\n\t\t\t\t<div class=\"elementor-element elementor-element-b6cc179 elementor-widget__width-auto elementor-widget elementor-widget-ascella_core_button\" data-id=\"b6cc179\" data-element_type=\"widget\" data-widget_type=\"ascella_core_button.default\">\n\t\t\t\t<div class=\"elementor-widget-container\">\n\t\t\t\t\t<a class=\"qodef-shortcode qodef-m  qodef-button qodef-layout--outlined  qodef-html--link\" href=\"https:\/\/lesfeespapillons-mineraux.com\/index.php\/bijoux-pierres\/\" target=\"_self\"  style=\"color: #FFFFFF;border-color: #FFFFFF\">\n\t<span class=\"qodef-m-text\">d\u00e9couvrir nos bijoux<\/span>\n<\/a>\n\t\t\t\t<\/div>\n\t\t\t\t<\/div>\n\t\t\t\t\t<\/div>\n\t\t<\/div>\n\t\t\t\t\t<\/div>\n\t\t<\/section>\n\t\t\t\t<\/div>\n\t\t","protected":false},"excerpt":{"rendered":"<p>Les F\u00e9es Papillons Nous vous invitons \u00e0 d\u00e9couvrir notre univers o\u00f9 se rencontrent la beaut\u00e9 des bijoux artisanaux et la magie des min\u00e9raux naturels. Install\u00e9s au c\u0153ur de Compi\u00e8gne, nous vous proposons plus de 100 000 r\u00e9f\u00e9rences uniques : des pi\u00e8ces rares, s\u00e9lectionn\u00e9es avec soin, et toujours de la plus haute qualit\u00e9. Que vous soyez [&hellip;]<\/p>\n","protected":false},"author":2,"featured_media":0,"parent":0,"menu_order":0,"comment_status":"closed","ping_status":"closed","template":"","meta":{"footnotes":""},"class_list":["post-18580","page","type-page","status-publish","hentry"],"jetpack_sharing_enabled":true,"_links":{"self":[{"href":"https:\/\/lesfeespapillons-mineraux.com\/index.php\/wp-json\/wp\/v2\/pages\/18580","targetHints":{"allow":["GET"]}}],"collection":[{"href":"https:\/\/lesfeespapillons-mineraux.com\/index.php\/wp-json\/wp\/v2\/pages"}],"about":[{"href":"https:\/\/lesfeespapillons-mineraux.com\/index.php\/wp-json\/wp\/v2\/types\/page"}],"author":[{"embeddable":true,"href":"https:\/\/lesfeespapillons-mineraux.com\/index.php\/wp-json\/wp\/v2\/users\/2"}],"replies":[{"embeddable":true,"href":"https:\/\/lesfeespapillons-mineraux.com\/index.php\/wp-json\/wp\/v2\/comments?post=18580"}],"version-history":[{"count":185,"href":"https:\/\/lesfeespapillons-mineraux.com\/index.php\/wp-json\/wp\/v2\/pages\/18580\/revisions"}],"predecessor-version":[{"id":18852,"href":"https:\/\/lesfeespapillons-mineraux.com\/index.php\/wp-json\/wp\/v2\/pages\/18580\/revisions\/18852"}],"wp:attachment":[{"href":"https:\/\/lesfeespapillons-mineraux.com\/index.php\/wp-json\/wp\/v2\/media?parent=18580"}],"curies":[{"name":"wp","href":"https:\/\/api.w.org\/{rel}","templated":true}]}}